{"id":94290,"date":"2026-04-07T15:30:28","date_gmt":"2026-04-07T12:30:28","guid":{"rendered":"https:\/\/addinol.ee\/?post_type=product&#038;p=94290"},"modified":"2026-04-16T03:00:29","modified_gmt":"2026-04-16T00:00:29","slug":"biolagunev-saeketioli-natureproof-sagekettenhaftol-68","status":"publish","type":"product","link":"https:\/\/addinol.ee\/ru\/produkt\/biolagunev-saeketioli-natureproof-sagekettenhaftol-68\/","title":{"rendered":"Biolagunev saeketi\u00f5li NatureProof S\u00e4gekettenhaft\u00f6l 68"},"content":{"rendered":"<p><strong>Biolaguneva saeketi\u00f5li NatureProof S\u00e4gekettenhaft\u00f6l 68 KASUTUSV\u00d5IMALUSED:<\/strong><br \/>\n\u2022 Sobib suurep\u00e4raselt mootorsaagide kettide, juhtplaatide ja ketirataste m\u00e4\u00e4rimiseks.<br \/>\n\u2022 Sobib eriti h\u00e4sti harvesteridele.<br \/>\n\u2022 Kasutatav aastaringselt.<br \/>\n\u2022 Kuigi ADDINOL NatureProof S\u00e4gekettenhaft\u00f6l 68 seguneb mineraal\u00f5lip\u00f5histe toodetega, peaks siiski sellele tootele \u00fcleminekul v\u00e4ltima segunemist eelnevalt kasutatud \u00f5liga.<\/p>\n<p><strong>SPETSIFIKATSIOONID:<\/strong><br \/>\nNatureProof S\u00e4gekettenhaft\u00f6l 68 biolagunevus:<br \/>\n\u2022 CEC-L-33-A-93 (&gt; 98 %)<br \/>\n\u2022 OECD 301 D (\u2265 83% p\u00e4rast 28 p)<\/p>\n<p><strong>OMADUSED:<\/strong><br \/>\n\u2022 NatureProof S\u00e4gekettenhaft\u00f6l 68 on bioloogiliselt kiiresti lagunev<br \/>\n\u2022 Kasutatav laias temperatuurivahemikus<br \/>\n\u2022 Suurep\u00e4rane manuste kombinatsioon ja hea nakkuvus<br \/>\n\u2022 V\u00e4ga t\u00f5hus korrosiooni- ja kulumisvastane kaitse<br \/>\n\u2022 Hea oks\u00fcdatsioonikindlus<\/p>\n<p><strong>EELISED TARBIJALE:<\/strong><br \/>\n\u2022 Sobib kasutamiseks keskkonnatundlikes tingimustes<br \/>\n\u2022 Laitmatu m\u00e4\u00e4rimine madalatel ja k\u00f5rgetel temperatuuridel<br \/>\n\u2022 T\u00f6\u00f6kindlus<br \/>\n\u2022 Pikendab l\u00f5ikegarnituuri t\u00f6\u00f6iga<br \/>\n\u2022 Takistab setete ladestumist l\u00f5ikegarnituurile<\/p>\n","protected":false},"excerpt":{"rendered":"<p>ADDINOL NatureProof S\u00e4gekettenhaft\u00f6l 68 on rapsi\u00f5li baasil valmistatud keskkonnas\u00e4\u00e4stlik bioloogiliselt kiiresti lagunev saeketi\u00f5li, mida iseloomustab t\u00e4nu hoolikalt valitud manustele hea m\u00e4\u00e4rimis- ja jahutusv\u00f5ime ning usaldusv\u00e4\u00e4rne korrosiooni- ja kulumisvastane kaitse.<\/p>\n<p>&nbsp;<\/p>\n","protected":false},"featured_media":94293,"template":"","meta":{"_acf_changed":false},"viscosity":[],"product_brand":[],"product_cat":[722,191],"product_tag":[],"inventory":[],"class_list":{"0":"post-94290","1":"product","2":"type-product","3":"status-publish","4":"has-post-thumbnail","6":"product_cat-ettevaatust-noudvad-kasutusvaldkonnad","7":"product_cat-ketiolid","8":"pa_vali-pakend-1l","10":"first","11":"instock","12":"taxable","13":"shipping-taxable","14":"purchasable","15":"product-type-simple"},"acf":[],"yoast_head":"<!-- This site is optimized with the Yoast SEO plugin v27.3 - https:\/\/yoast.com\/product\/yoast-seo-wordpress\/ -->\n<title>Biolagunev saeketi\u00f5li NatureProof S\u00e4gekettenhaft\u00f6l 68 - ADDINOL<\/title>\n<meta name=\"description\" content=\"Keskkonnas\u00e4\u00e4stlik bioloogiliselt kiiresti lagunev saeketi\u00f5li, mida iseloomustab t\u00e4nu hoolikalt valitud manustele hea m\u00e4\u00e4rimis- ja jahutusv\u00f5ime ning usaldusv\u00e4\u00e4rne korrosiooni- ja kulumisvastane kaitse.\" \/>\n<meta name=\"robots\" content=\"index, follow, max-snippet:-1, max-image-preview:large, max-video-preview:-1\" \/>\n<link rel=\"canonical\" href=\"https:\/\/addinol.ee\/ru\/produkt\/biolagunev-saeketioli-natureproof-sagekettenhaftol-68\/\" \/>\n<meta property=\"og:locale\" content=\"ru_RU\" \/>\n<meta property=\"og:type\" content=\"article\" \/>\n<meta property=\"og:title\" content=\"Biolagunev saeketi\u00f5li NatureProof S\u00e4gekettenhaft\u00f6l 68 - ADDINOL\" \/>\n<meta property=\"og:description\" content=\"Keskkonnas\u00e4\u00e4stlik bioloogiliselt kiiresti lagunev saeketi\u00f5li, mida iseloomustab t\u00e4nu hoolikalt valitud manustele hea m\u00e4\u00e4rimis- ja jahutusv\u00f5ime ning usaldusv\u00e4\u00e4rne korrosiooni- ja kulumisvastane kaitse.\" \/>\n<meta property=\"og:url\" content=\"https:\/\/addinol.ee\/ru\/produkt\/biolagunev-saeketioli-natureproof-sagekettenhaftol-68\/\" \/>\n<meta property=\"og:site_name\" content=\"ADDINOL\" \/>\n<meta property=\"article:publisher\" content=\"https:\/\/www.facebook.com\/ADDINOLEesti\/\" \/>\n<meta property=\"article:modified_time\" content=\"2026-04-16T00:00:29+00:00\" \/>\n<meta property=\"og:image\" content=\"https:\/\/addinol.ee\/wp-content\/uploads\/2026\/04\/76700007np_natureproof-sagekettenhaftol-68_1l-can_hr_oh-e1775564517912.png\" \/>\n\t<meta property=\"og:image:width\" content=\"500\" \/>\n\t<meta property=\"og:image:height\" content=\"707\" \/>\n\t<meta property=\"og:image:type\" content=\"image\/png\" \/>\n<meta name=\"twitter:card\" content=\"summary_large_image\" \/>\n<meta name=\"twitter:label1\" content=\"\u041f\u0440\u0438\u043c\u0435\u0440\u043d\u043e\u0435 \u0432\u0440\u0435\u043c\u044f \u0434\u043b\u044f \u0447\u0442\u0435\u043d\u0438\u044f\" \/>\n\t<meta name=\"twitter:data1\" content=\"1 \u043c\u0438\u043d\u0443\u0442\u0430\" \/>\n<script type=\"application\/ld+json\" class=\"yoast-schema-graph\">{\"@context\":\"https:\\\/\\\/schema.org\",\"@graph\":[{\"@type\":\"WebPage\",\"@id\":\"https:\\\/\\\/addinol.ee\\\/ru\\\/produkt\\\/biolagunev-saeketioli-natureproof-sagekettenhaftol-68\\\/\",\"url\":\"https:\\\/\\\/addinol.ee\\\/ru\\\/produkt\\\/biolagunev-saeketioli-natureproof-sagekettenhaftol-68\\\/\",\"name\":\"Biolagunev saeketi\u00f5li NatureProof S\u00e4gekettenhaft\u00f6l 68 - ADDINOL\",\"isPartOf\":{\"@id\":\"https:\\\/\\\/addinol.ee\\\/ru\\\/#website\"},\"primaryImageOfPage\":{\"@id\":\"https:\\\/\\\/addinol.ee\\\/ru\\\/produkt\\\/biolagunev-saeketioli-natureproof-sagekettenhaftol-68\\\/#primaryimage\"},\"image\":{\"@id\":\"https:\\\/\\\/addinol.ee\\\/ru\\\/produkt\\\/biolagunev-saeketioli-natureproof-sagekettenhaftol-68\\\/#primaryimage\"},\"thumbnailUrl\":\"https:\\\/\\\/addinol.ee\\\/wp-content\\\/uploads\\\/2026\\\/04\\\/76700007np_natureproof-sagekettenhaftol-68_1l-can_hr_oh-e1775564517912.png\",\"datePublished\":\"2026-04-07T12:30:28+00:00\",\"dateModified\":\"2026-04-16T00:00:29+00:00\",\"description\":\"Keskkonnas\u00e4\u00e4stlik bioloogiliselt kiiresti lagunev saeketi\u00f5li, mida iseloomustab t\u00e4nu hoolikalt valitud manustele hea m\u00e4\u00e4rimis- ja jahutusv\u00f5ime ning usaldusv\u00e4\u00e4rne korrosiooni- ja kulumisvastane kaitse.\",\"breadcrumb\":{\"@id\":\"https:\\\/\\\/addinol.ee\\\/ru\\\/produkt\\\/biolagunev-saeketioli-natureproof-sagekettenhaftol-68\\\/#breadcrumb\"},\"inLanguage\":\"ru-RU\",\"potentialAction\":[{\"@type\":\"ReadAction\",\"target\":[\"https:\\\/\\\/addinol.ee\\\/ru\\\/produkt\\\/biolagunev-saeketioli-natureproof-sagekettenhaftol-68\\\/\"]}]},{\"@type\":\"ImageObject\",\"inLanguage\":\"ru-RU\",\"@id\":\"https:\\\/\\\/addinol.ee\\\/ru\\\/produkt\\\/biolagunev-saeketioli-natureproof-sagekettenhaftol-68\\\/#primaryimage\",\"url\":\"https:\\\/\\\/addinol.ee\\\/wp-content\\\/uploads\\\/2026\\\/04\\\/76700007np_natureproof-sagekettenhaftol-68_1l-can_hr_oh-e1775564517912.png\",\"contentUrl\":\"https:\\\/\\\/addinol.ee\\\/wp-content\\\/uploads\\\/2026\\\/04\\\/76700007np_natureproof-sagekettenhaftol-68_1l-can_hr_oh-e1775564517912.png\",\"width\":500,\"height\":707},{\"@type\":\"BreadcrumbList\",\"@id\":\"https:\\\/\\\/addinol.ee\\\/ru\\\/produkt\\\/biolagunev-saeketioli-natureproof-sagekettenhaftol-68\\\/#breadcrumb\",\"itemListElement\":[{\"@type\":\"ListItem\",\"position\":1,\"name\":\"ADDINOL\",\"item\":\"https:\\\/\\\/addinol.ee\\\/ru\\\/\"},{\"@type\":\"ListItem\",\"position\":2,\"name\":\"\u041e\u043d\u043b\u0430\u0439\u043d-\u043c\u0430\u0433\u0430\u0437\u0438\u043d\",\"item\":\"https:\\\/\\\/addinol.ee\\\/ru\\\/onlajn-magazin\\\/\"},{\"@type\":\"ListItem\",\"position\":3,\"name\":\"Biolagunev saeketi\u00f5li NatureProof S\u00e4gekettenhaft\u00f6l 68\"}]},{\"@type\":\"WebSite\",\"@id\":\"https:\\\/\\\/addinol.ee\\\/ru\\\/#website\",\"url\":\"https:\\\/\\\/addinol.ee\\\/ru\\\/\",\"name\":\"ADDINOL\",\"description\":\"Mootori\u00f5lid ja m\u00e4\u00e4\u00e4rdeained igaks kasutusjuhuks\",\"publisher\":{\"@id\":\"https:\\\/\\\/addinol.ee\\\/ru\\\/#organization\"},\"potentialAction\":[{\"@type\":\"SearchAction\",\"target\":{\"@type\":\"EntryPoint\",\"urlTemplate\":\"https:\\\/\\\/addinol.ee\\\/ru\\\/?s={search_term_string}\"},\"query-input\":{\"@type\":\"PropertyValueSpecification\",\"valueRequired\":true,\"valueName\":\"search_term_string\"}}],\"inLanguage\":\"ru-RU\"},{\"@type\":\"Organization\",\"@id\":\"https:\\\/\\\/addinol.ee\\\/ru\\\/#organization\",\"name\":\"ADDINOL\",\"url\":\"https:\\\/\\\/addinol.ee\\\/ru\\\/\",\"logo\":{\"@type\":\"ImageObject\",\"inLanguage\":\"ru-RU\",\"@id\":\"https:\\\/\\\/addinol.ee\\\/ru\\\/#\\\/schema\\\/logo\\\/image\\\/\",\"url\":\"https:\\\/\\\/addinol.ee\\\/wp-content\\\/uploads\\\/2024\\\/10\\\/1200px-ADDINOL-Logo.webp\",\"contentUrl\":\"https:\\\/\\\/addinol.ee\\\/wp-content\\\/uploads\\\/2024\\\/10\\\/1200px-ADDINOL-Logo.webp\",\"width\":1200,\"height\":431,\"caption\":\"ADDINOL\"},\"image\":{\"@id\":\"https:\\\/\\\/addinol.ee\\\/ru\\\/#\\\/schema\\\/logo\\\/image\\\/\"},\"sameAs\":[\"https:\\\/\\\/www.facebook.com\\\/ADDINOLEesti\\\/\",\"https:\\\/\\\/www.instagram.com\\\/addinol_eesti\\\/\"]}]}<\/script>\n<!-- \/ Yoast SEO plugin. -->","yoast_head_json":{"title":"Biolagunev saeketi\u00f5li NatureProof S\u00e4gekettenhaft\u00f6l 68 - ADDINOL","description":"Keskkonnas\u00e4\u00e4stlik bioloogiliselt kiiresti lagunev saeketi\u00f5li, mida iseloomustab t\u00e4nu hoolikalt valitud manustele hea m\u00e4\u00e4rimis- ja jahutusv\u00f5ime ning usaldusv\u00e4\u00e4rne korrosiooni- ja kulumisvastane kaitse.","robots":{"index":"index","follow":"follow","max-snippet":"max-snippet:-1","max-image-preview":"max-image-preview:large","max-video-preview":"max-video-preview:-1"},"canonical":"https:\/\/addinol.ee\/ru\/produkt\/biolagunev-saeketioli-natureproof-sagekettenhaftol-68\/","og_locale":"ru_RU","og_type":"article","og_title":"Biolagunev saeketi\u00f5li NatureProof S\u00e4gekettenhaft\u00f6l 68 - ADDINOL","og_description":"Keskkonnas\u00e4\u00e4stlik bioloogiliselt kiiresti lagunev saeketi\u00f5li, mida iseloomustab t\u00e4nu hoolikalt valitud manustele hea m\u00e4\u00e4rimis- ja jahutusv\u00f5ime ning usaldusv\u00e4\u00e4rne korrosiooni- ja kulumisvastane kaitse.","og_url":"https:\/\/addinol.ee\/ru\/produkt\/biolagunev-saeketioli-natureproof-sagekettenhaftol-68\/","og_site_name":"ADDINOL","article_publisher":"https:\/\/www.facebook.com\/ADDINOLEesti\/","article_modified_time":"2026-04-16T00:00:29+00:00","og_image":[{"width":500,"height":707,"url":"https:\/\/addinol.ee\/wp-content\/uploads\/2026\/04\/76700007np_natureproof-sagekettenhaftol-68_1l-can_hr_oh-e1775564517912.png","type":"image\/png"}],"twitter_card":"summary_large_image","twitter_misc":{"\u041f\u0440\u0438\u043c\u0435\u0440\u043d\u043e\u0435 \u0432\u0440\u0435\u043c\u044f \u0434\u043b\u044f \u0447\u0442\u0435\u043d\u0438\u044f":"1 \u043c\u0438\u043d\u0443\u0442\u0430"},"schema":{"@context":"https:\/\/schema.org","@graph":[{"@type":"WebPage","@id":"https:\/\/addinol.ee\/ru\/produkt\/biolagunev-saeketioli-natureproof-sagekettenhaftol-68\/","url":"https:\/\/addinol.ee\/ru\/produkt\/biolagunev-saeketioli-natureproof-sagekettenhaftol-68\/","name":"Biolagunev saeketi\u00f5li NatureProof S\u00e4gekettenhaft\u00f6l 68 - ADDINOL","isPartOf":{"@id":"https:\/\/addinol.ee\/ru\/#website"},"primaryImageOfPage":{"@id":"https:\/\/addinol.ee\/ru\/produkt\/biolagunev-saeketioli-natureproof-sagekettenhaftol-68\/#primaryimage"},"image":{"@id":"https:\/\/addinol.ee\/ru\/produkt\/biolagunev-saeketioli-natureproof-sagekettenhaftol-68\/#primaryimage"},"thumbnailUrl":"https:\/\/addinol.ee\/wp-content\/uploads\/2026\/04\/76700007np_natureproof-sagekettenhaftol-68_1l-can_hr_oh-e1775564517912.png","datePublished":"2026-04-07T12:30:28+00:00","dateModified":"2026-04-16T00:00:29+00:00","description":"Keskkonnas\u00e4\u00e4stlik bioloogiliselt kiiresti lagunev saeketi\u00f5li, mida iseloomustab t\u00e4nu hoolikalt valitud manustele hea m\u00e4\u00e4rimis- ja jahutusv\u00f5ime ning usaldusv\u00e4\u00e4rne korrosiooni- ja kulumisvastane kaitse.","breadcrumb":{"@id":"https:\/\/addinol.ee\/ru\/produkt\/biolagunev-saeketioli-natureproof-sagekettenhaftol-68\/#breadcrumb"},"inLanguage":"ru-RU","potentialAction":[{"@type":"ReadAction","target":["https:\/\/addinol.ee\/ru\/produkt\/biolagunev-saeketioli-natureproof-sagekettenhaftol-68\/"]}]},{"@type":"ImageObject","inLanguage":"ru-RU","@id":"https:\/\/addinol.ee\/ru\/produkt\/biolagunev-saeketioli-natureproof-sagekettenhaftol-68\/#primaryimage","url":"https:\/\/addinol.ee\/wp-content\/uploads\/2026\/04\/76700007np_natureproof-sagekettenhaftol-68_1l-can_hr_oh-e1775564517912.png","contentUrl":"https:\/\/addinol.ee\/wp-content\/uploads\/2026\/04\/76700007np_natureproof-sagekettenhaftol-68_1l-can_hr_oh-e1775564517912.png","width":500,"height":707},{"@type":"BreadcrumbList","@id":"https:\/\/addinol.ee\/ru\/produkt\/biolagunev-saeketioli-natureproof-sagekettenhaftol-68\/#breadcrumb","itemListElement":[{"@type":"ListItem","position":1,"name":"ADDINOL","item":"https:\/\/addinol.ee\/ru\/"},{"@type":"ListItem","position":2,"name":"\u041e\u043d\u043b\u0430\u0439\u043d-\u043c\u0430\u0433\u0430\u0437\u0438\u043d","item":"https:\/\/addinol.ee\/ru\/onlajn-magazin\/"},{"@type":"ListItem","position":3,"name":"Biolagunev saeketi\u00f5li NatureProof S\u00e4gekettenhaft\u00f6l 68"}]},{"@type":"WebSite","@id":"https:\/\/addinol.ee\/ru\/#website","url":"https:\/\/addinol.ee\/ru\/","name":"ADDINOL","description":"Mootori\u00f5lid ja m\u00e4\u00e4\u00e4rdeained igaks kasutusjuhuks","publisher":{"@id":"https:\/\/addinol.ee\/ru\/#organization"},"potentialAction":[{"@type":"SearchAction","target":{"@type":"EntryPoint","urlTemplate":"https:\/\/addinol.ee\/ru\/?s={search_term_string}"},"query-input":{"@type":"PropertyValueSpecification","valueRequired":true,"valueName":"search_term_string"}}],"inLanguage":"ru-RU"},{"@type":"Organization","@id":"https:\/\/addinol.ee\/ru\/#organization","name":"ADDINOL","url":"https:\/\/addinol.ee\/ru\/","logo":{"@type":"ImageObject","inLanguage":"ru-RU","@id":"https:\/\/addinol.ee\/ru\/#\/schema\/logo\/image\/","url":"https:\/\/addinol.ee\/wp-content\/uploads\/2024\/10\/1200px-ADDINOL-Logo.webp","contentUrl":"https:\/\/addinol.ee\/wp-content\/uploads\/2024\/10\/1200px-ADDINOL-Logo.webp","width":1200,"height":431,"caption":"ADDINOL"},"image":{"@id":"https:\/\/addinol.ee\/ru\/#\/schema\/logo\/image\/"},"sameAs":["https:\/\/www.facebook.com\/ADDINOLEesti\/","https:\/\/www.instagram.com\/addinol_eesti\/"]}]}},"_links":{"self":[{"href":"https:\/\/addinol.ee\/ru\/wp-json\/wp\/v2\/product\/94290","targetHints":{"allow":["GET"]}}],"collection":[{"href":"https:\/\/addinol.ee\/ru\/wp-json\/wp\/v2\/product"}],"about":[{"href":"https:\/\/addinol.ee\/ru\/wp-json\/wp\/v2\/types\/product"}],"wp:featuredmedia":[{"embeddable":true,"href":"https:\/\/addinol.ee\/ru\/wp-json\/wp\/v2\/media\/94293"}],"wp:attachment":[{"href":"https:\/\/addinol.ee\/ru\/wp-json\/wp\/v2\/media?parent=94290"}],"wp:term":[{"taxonomy":"viscosity","embeddable":true,"href":"https:\/\/addinol.ee\/ru\/wp-json\/wp\/v2\/viscosity?post=94290"},{"taxonomy":"product_brand","embeddable":true,"href":"https:\/\/addinol.ee\/ru\/wp-json\/wp\/v2\/product_brand?post=94290"},{"taxonomy":"product_cat","embeddable":true,"href":"https:\/\/addinol.ee\/ru\/wp-json\/wp\/v2\/product_cat?post=94290"},{"taxonomy":"product_tag","embeddable":true,"href":"https:\/\/addinol.ee\/ru\/wp-json\/wp\/v2\/product_tag?post=94290"},{"taxonomy":"inventory","embeddable":true,"href":"https:\/\/addinol.ee\/ru\/wp-json\/wp\/v2\/inventory?post=94290"}],"curies":[{"name":"wp","href":"https:\/\/api.w.org\/{rel}","templated":true}]}}