{"id":57500,"date":"2025-12-04T14:37:04","date_gmt":"2025-12-04T12:37:04","guid":{"rendered":"https:\/\/addinol.ee\/toode\/automaatkaigukastioli-atf-xn-5\/"},"modified":"2026-02-04T12:31:24","modified_gmt":"2026-02-04T10:31:24","slug":"maslo-dlya-avtomaticheskih-korobok-peredach-atf-xn-5","status":"publish","type":"product","link":"https:\/\/addinol.ee\/ru\/produkt\/maslo-dlya-avtomaticheskih-korobok-peredach-atf-xn-5\/","title":{"rendered":"\u041c\u0430\u0441\u043b\u043e \u0434\u043b\u044f \u0430\u0432\u0442\u043e\u043c\u0430\u0442\u0438\u0447\u0435\u0441\u043a\u0438\u0445 \u043a\u043e\u0440\u043e\u0431\u043e\u043a \u043f\u0435\u0440\u0435\u0434\u0430\u0447 ATF XN 5"},"content":{"rendered":"<p><strong>\u041e\u0411\u041b\u0410\u0421\u0422\u0418 \u041f\u0420\u0418\u041c\u0415\u041d\u0415\u041d\u0418\u042f<\/strong><br \/>\n\u2022 \u041c\u0430\u0441\u043b\u043e \u0434\u043b\u044f \u0430\u0432\u0442\u043e\u043c\u0430\u0442\u0438\u0447\u0435\u0441\u043a\u0438\u0445 \u043a\u043e\u0440\u043e\u0431\u043e\u043a \u043f\u0435\u0440\u0435\u0434\u0430\u0447 ATF XN 5 &#8212; \u044d\u0442\u043e \u0441\u043f\u0435\u0446\u0438\u0430\u043b\u044c\u043d\u0430\u044f \u0440\u0430\u0437\u0440\u0430\u0431\u043e\u0442\u043a\u0430 \u0441 \u0432\u044b\u0441\u043e\u043a\u043e\u0439 \u0437\u0430\u0449\u0438\u0442\u043e\u0439 \u043e\u0442 \u0438\u0437\u043d\u043e\u0441\u0430 \u0438 \u043e\u043f\u0442\u0438\u043c\u0438\u0437\u0438\u0440\u043e\u0432\u0430\u043d\u043d\u044b\u043c\u0438 \u0444\u0440\u0438\u043a\u0446\u0438\u043e\u043d\u043d\u044b\u043c\u0438 \u0445\u0430\u0440\u0430\u043a\u0442\u0435\u0440\u0438\u0441\u0442\u0438\u043a\u0430\u043c\u0438 \u0434\u043b\u044f \u043f\u0440\u0438\u043c\u0435\u043d\u0435\u043d\u0438\u044f \u0432\u043e \u0432\u0441\u0435\u0445 \u0440\u0430\u0441\u043f\u0440\u043e\u0441\u0442\u0440\u0430\u043d\u0435\u043d\u043d\u044b\u0445 4- \u0438 5-\u0441\u0442\u0443\u043f\u0435\u043d\u0447\u0430\u0442\u044b\u0445 \u0410\u041a\u041f\u041f \u0440\u0430\u0437\u043b\u0438\u0447\u043d\u044b\u0445 \u043f\u0440\u043e\u0438\u0437\u0432\u043e\u0434\u0438\u0442\u0435\u043b\u0435\u0439.<br \/>\n\u2022 \u0414\u043b\u044f \u0441\u043e\u0432\u0440\u0435\u043c\u0435\u043d\u043d\u044b\u0445 \u0410\u041a\u041f\u041f \u043f\u0440\u043e\u0438\u0437\u0432\u043e\u0434\u0441\u0442\u0432\u0430 AISIN AW, \u0443\u0441\u0442\u0430\u043d\u0430\u0432\u043b\u0438\u0432\u0430\u0435\u043c\u044b\u0445 \u043d\u0430 \u044f\u043f\u043e\u043d\u0441\u043a\u0438\u0435, \u0430\u043c\u0435\u0440\u0438\u043a\u0430\u043d\u0441\u043a\u0438\u0435 \u0438 \u0435\u0432\u0440\u043e\u043f\u0435\u0439\u0441\u043a\u0438\u0435 \u043b\u0435\u0433\u043a\u043e\u0432\u044b\u0435 \u0438 \u043c\u0430\u043b\u043e\u0442\u043e\u043d\u043d\u0430\u0436\u043d\u044b\u0435 \u0433\u0440\u0443\u0437\u043e\u0432\u044b\u0435 \u0430\u0432\u0442\u043e\u043c\u043e\u0431\u0438\u043b\u0438.<br \/>\n\u2022 \u0418\u0434\u0435\u0430\u043b\u044c\u043d\u043e \u043f\u043e\u0434\u0445\u043e\u0434\u0438\u0442 \u0434\u043b\u044f \u0442\u0440\u0430\u043d\u0441\u043c\u0438\u0441\u0441\u0438\u0439, \u0433\u0434\u0435 \u0432\u0441\u0435 \u0435\u0449\u0435 \u0442\u0440\u0435\u0431\u0443\u044e\u0442\u0441\u044f \u0436\u0438\u0434\u043a\u043e\u0441\u0442\u0438 ATF \u0441\u043e \u0441\u043f\u0435\u0446\u0438\u0444\u0438\u043a\u0430\u0446\u0438\u0435\u0439 Dexron II \u0438\u043b\u0438 III.<\/p>\n<p><strong>\u0421\u041f\u0415\u0426\u0418\u0424\u0418\u041a\u0410\u0426\u0418\u0418\/\u041b\u0418\u0426\u0415\u041d\u0417\u0418\u0418<\/strong><br \/>\nADDINOL ATF XN 5 \u0438\u043c\u0435\u0435\u0442 \u043b\u0438\u0446\u0435\u043d\u0437\u0438\u0438:<br \/>\n\u2022 Voith H55.6336.xx<br \/>\n\u2022 ZF TE-ML 04D, 14B, 20B, 25B (ZF004911)<\/p>\n<p>ADDINOL ATF XN 5 \u0432\u044b\u043f\u043e\u043b\u043d\u044f\u0435\u0442 \u0438 \u043f\u0435\u0440\u0435\u0432\u044b\u043f\u043e\u043b\u043d\u044f\u0435\u0442 \u0442\u0440\u0435\u0431\u043e\u0432\u0430\u043d\u0438\u044f \u0432\u0435\u0434\u0443\u0449\u0438\u0445 \u0430\u0432\u0442\u043e\u043f\u0440\u043e\u0438\u0437\u0432\u043e\u0434\u0438\u0442\u0435\u043b\u0435\u0439:<br \/>\n\u2022 Allison C4, TES-389, TES-295<br \/>\n\u2022 BMW \/ Mini 7045E, 8072B, LA 2634, LT 71141, ATF 4<br \/>\n\u2022 Chrysler Mopar +4 (MS 9602), ASRC<br \/>\n\u2022 Daihatsu Alumix ATF Multi<br \/>\n\u2022 DTFR 13C100 (MB 236.1) \/-13C120 (MB 236.2) \/<br \/>\n-13C140 (MB 236.7) \/-13C170 (MB 236.9) \/<br \/>\n-13C110 (MB 236.11) \/-13C160 (MB 236.81) \/<br \/>\n-13C180 (MB 236.91)<br \/>\n\u2022 Fiat 9.55550-AG2, -AV4<br \/>\n\u2022 Ford Mercon V, FNR5, XT-5<br \/>\n\u2022 Hyundai\/Kia\/ Mitsubishi SP-II, SP-III, Red-1<br \/>\n\u2022 Honda ATF Z1, Idemitsu K17<br \/>\n\u2022 Isuzu BESCO ATF-II, ATF-III, NPR<br \/>\n\u2022 JASO 1-A<br \/>\n\u2022 JWS\/Suzuki 3309, 3314, 3317<br \/>\n\u2022 MAN 339 Typ Z2, Typ Z11<br \/>\n\u2022 Mazda F-1, ATF-M III, ATF-M V<br \/>\n\u2022 MB 236.3 \/.5 \/.6 \/.10 \/.12 \/.14 \/.15<br \/>\n\u2022 Mitsubishi Diaqueen J2, PA<br \/>\n\u2022 Nissan 402, Matic-D, -J, -K<br \/>\n\u2022 PSA AL-4, Renault DP0<br \/>\n\u2022 Renault AJ0 \/ AJ8<br \/>\n\u2022 Subaru 4ATF, 5ATF, ATF HP<br \/>\n\u2022 Suzuki ATF Oil \u0438 ATF Oil Special<br \/>\n\u2022 Toyota Type T, T-II, T-III, T-IV, D-2<br \/>\n\u2022 Voith 55.6336.xx<br \/>\n\u2022 VW\/Audi G 052 162, G 052 990, G 055 025<br \/>\n\u2022 Volvo 97340, 97341, 1161521\/621<br \/>\n\u2022 ZF TE-ML 03D, 05L, 11A\/B, 16L\/R, 17C, 21L<\/p>\n<p><strong>\u0421\u0412\u041e\u0419\u0421\u0422\u0412\u0410<\/strong><br \/>\n\u2022 \u0412\u044b\u0441\u043e\u043a\u0430\u044f \u043d\u0435\u0441\u0443\u0449\u0430\u044f \u0441\u043f\u043e\u0441\u043e\u0431\u043d\u043e\u0441\u0442\u044c \u043f\u043e \u0437\u0430\u0434\u0438\u0440\u0430\u043c<br \/>\n\u2022 \u041e\u043f\u0442\u0438\u043c\u0438\u0437\u0438\u0440\u043e\u0432\u0430\u043d\u043d\u044b\u0435 \u0444\u0440\u0438\u043a\u0446\u0438\u043e\u043d\u043d\u044b\u0435 \u0441\u0432\u043e\u0439\u0441\u0442\u0432\u0430<br \/>\n\u2022 \u041f\u0440\u0435\u043a\u0440\u0430\u0441\u043d\u044b\u0435 \u043f\u0440\u043e\u0442\u0438\u0432\u043e\u0438\u0437\u043d\u043e\u0441\u043d\u044b\u0435 \u0441\u0432\u043e\u0439\u0441\u0442\u0432\u0430<br \/>\n\u2022 \u041f\u0440\u0435\u0432\u043e\u0441\u0445\u043e\u0434\u043d\u0430\u044f \u0442\u0435\u043a\u0443\u0447\u0435\u0441\u0442\u044c \u043f\u0440\u0438 \u043d\u0438\u0437\u043a\u0438\u0445 \u0442\u0435\u043c\u043f\u0435\u0440\u0430\u0442\u0443\u0440\u0430\u0445<br \/>\n\u2022 \u0410\u043d\u0442\u0438\u043a\u043e\u0440\u0440\u043e\u0437\u0438\u043e\u043d\u043d\u044b\u0435 \u0441\u0432\u043e\u0439\u0441\u0442\u0432\u0430<\/p>\n<p><strong>\u041f\u0420\u0415\u0418\u041c\u0423\u0429\u0415\u0421\u0422\u0412\u0410 \u0414\u041b\u042f \u041f\u041e\u0422\u0420\u0415\u0411\u0418\u0422\u0415\u041b\u042f<\/strong><br \/>\n\u2022 \u0417\u0430\u0449\u0438\u0442\u0430 \u0432\u044b\u0441\u043e\u043a\u043e\u043d\u0430\u0433\u0440\u0443\u0436\u0435\u043d\u043d\u044b\u0445 \u0443\u0437\u043b\u043e\u0432 \u0442\u0440\u0430\u043d\u0441\u043c\u0438\u0441\u0441\u0438\u0438<br \/>\n\u2022 \u041f\u043b\u0430\u0432\u043d\u043e\u0435 \u0431\u0435\u0437\u0443\u0434\u0430\u0440\u043d\u043e\u0435 \u043f\u0435\u0440\u0435\u043a\u043b\u044e\u0447\u0435\u043d\u0438\u0435 \u043f\u0435\u0440\u0435\u0434\u0430\u0447 \u0432\u043e \u0432\u0441\u0435\u0445 \u0440\u0430\u0441\u043f\u0440\u043e\u0441\u0442\u0440\u0430\u043d\u0435\u043d\u043d\u044b\u0445 4- \u0438 5-\u0441\u0442\u0443\u043f\u0435\u043d\u0447\u0430\u0442\u044b\u0445 \u0410\u041a\u041f\u041f<br \/>\n\u2022 \u0423\u0434\u043b\u0438\u043d\u0435\u043d\u043d\u044b\u0435 \u0438\u043d\u0442\u0435\u0440\u0432\u0430\u043b\u044b \u0437\u0430\u043c\u0435\u043d\u044b \u043c\u0430\u0441\u043b\u0430<br \/>\n\u2022 \u0411\u044b\u0441\u0442\u0440\u0430\u044f \u0441\u043c\u0430\u0437\u043a\u0430 \u0432\u0441\u0435\u0445 \u0442\u043e\u0447\u0435\u043a \u0441\u043c\u0430\u0437\u043a\u0438 \u0434\u0430\u0436\u0435 \u043f\u0440\u0438 \u044d\u043a\u0441\u0442\u0440\u0435\u043c\u0430\u043b\u044c\u043d\u043e \u043d\u0438\u0437\u043a\u0438\u0445 \u0442\u0435\u043c\u043f\u0435\u0440\u0430\u0442\u0443\u0440\u0430\u0445<br \/>\n\u2022 \u0414\u043b\u0438\u0442\u0435\u043b\u044c\u043d\u0430\u044f \u0437\u0430\u0449\u0438\u0442\u0430 \u043e\u0442 \u043a\u043e\u0440\u0440\u043e\u0437\u0438\u0438<\/p>\n","protected":false},"excerpt":{"rendered":"<p>ADDINOL ATF XN 5 \u2014 \u044d\u0442\u043e \u0432\u044b\u0441\u043e\u043a\u043e\u044d\u0444\u0444\u0435\u043a\u0442\u0438\u0432\u043d\u044b\u0439 \u0441\u0438\u043d\u0442\u0435\u0442\u0438\u0447\u0435\u0441\u043a\u0438\u0439 \u0441\u043c\u0430\u00ad\u0437\u043e\u0447\u043d\u044b\u0439 \u043c\u0430\u0442\u0435\u0440\u0438\u0430\u043b \u0434\u043b\u044f \u0430\u0432\u0442\u043e\u043c\u0430\u0442\u0438\u0447\u0435\u0441\u043a\u0438\u0445 \u043a\u043e\u0440\u043e\u0431\u043e\u043a \u043f\u0435\u0440\u0435\u00ad\u043a\u043b\u044e\u00ad\u0447\u0435\u00ad\u043d\u0438\u044f \u043f\u0435\u0440\u0435\u0434\u0430\u0447 (\u0410\u041a\u041f\u041f). \u041f\u0440\u043e\u0434\u0443\u043a\u0442 \u0438\u0437\u0433\u043e\u0442\u043e\u0432\u043b\u0435\u043d \u043d\u0430 \u043e\u0441\u043d\u043e\u0432\u0435 \u0432\u044b\u0441\u043e\u043a\u043e\u00ad\u043a\u0430\u00ad\u0447\u0435\u0441\u0442\u0432\u0435\u043d\u043d\u044b\u0445 \u0441\u0438\u043d\u0442\u0435\u0442\u0438\u0447\u0435\u0441\u043a\u0438\u0445 \u0431\u0430\u0437\u043e\u0432\u044b\u0445 \u043c\u0430\u0441\u0435\u043b \u0441 \u0434\u043e\u0431\u0430\u0432\u043b\u0435\u043d\u0438\u0435\u043c \u0441\u043f\u0435\u00ad\u0446\u0438\u0430\u043b\u044c\u043d\u043e \u0440\u0430\u0437\u0440\u0430\u0431\u043e\u0442\u0430\u043d\u043d\u043e\u0433\u043e \u043f\u0430\u043a\u0435\u0442\u0430 \u043f\u0440\u0438\u0441\u0430\u0434\u043e\u043a. ADDINOL ATF XN 5 \u043c\u043e\u0436\u043d\u043e \u0438\u0441\u043f\u043e\u043b\u044c\u0437\u043e\u0432\u0430\u0442\u044c \u0432 \u043a\u043e\u0440\u043e\u0431\u043a\u0430\u0445 \u043f\u0435\u0440\u0435\u0434\u0430\u0447, \u0442\u0440\u0435\u00ad\u0431\u0443\u044e\u0449\u0438\u0445 \u043f\u0440\u0435\u0436\u043d\u0438\u0445 \u0441\u043f\u0435\u0446\u0438\u0444\u0438\u043a\u0430\u0446\u0438\u0439 GM Dexron D III H, D III G, D III, D II E, D\u00a0II\u00a0D.<\/p>\n","protected":false},"featured_media":18250,"template":"","meta":{"_acf_changed":false},"viscosity":[],"product_brand":[],"product_cat":[872,1028],"product_tag":[],"inventory":[],"class_list":{"0":"post-57500","1":"product","2":"type-product","3":"status-publish","4":"has-post-thumbnail","6":"product_cat-smazochnye-materialy-dlya-avtotransporta","7":"product_cat-masla-dlya-avtomaticheskih-korobok-peredach","8":"pa_vali-pakend-atf-xn-5-4l","9":"pa_vali-pakend-atf-xn-5-20l","10":"pa_vali-pakend-20l-ru","11":"pa_vali-pakend-1-l","12":"pa_vali-pakend-4-l-ru","13":"pa_vali-pakend-atf-xn-5-1l","15":"first","16":"instock","17":"taxable","18":"shipping-taxable","19":"purchasable","20":"product-type-variable"},"acf":[],"yoast_head":"<!-- This site is optimized with the Yoast SEO plugin v27.3 - https:\/\/yoast.com\/product\/yoast-seo-wordpress\/ -->\n<title>\u041c\u0430\u0441\u043b\u043e \u0434\u043b\u044f \u0430\u0432\u0442\u043e\u043c\u0430\u0442\u0438\u0447\u0435\u0441\u043a\u0438\u0445 \u043a\u043e\u0440\u043e\u0431\u043e\u043a \u043f\u0435\u0440\u0435\u0434\u0430\u0447 ATF XN 5 - ADDINOL<\/title>\n<meta name=\"description\" content=\"T\u00f5husa kulumisvastase kaitse ja optimeeritud h\u00f5\u00f5rdeomadustega transmissiooni\u00f5li s\u00f5iduautode ja tarbes\u00f5idukite automaatk\u00e4igukastidele.\" \/>\n<meta name=\"robots\" content=\"index, follow, max-snippet:-1, max-image-preview:large, max-video-preview:-1\" \/>\n<link rel=\"canonical\" href=\"https:\/\/addinol.ee\/ru\/produkt\/maslo-dlya-avtomaticheskih-korobok-peredach-atf-xn-5\/\" \/>\n<meta property=\"og:locale\" content=\"ru_RU\" \/>\n<meta property=\"og:type\" content=\"article\" \/>\n<meta property=\"og:title\" content=\"\u041c\u0430\u0441\u043b\u043e \u0434\u043b\u044f \u0430\u0432\u0442\u043e\u043c\u0430\u0442\u0438\u0447\u0435\u0441\u043a\u0438\u0445 \u043a\u043e\u0440\u043e\u0431\u043e\u043a \u043f\u0435\u0440\u0435\u0434\u0430\u0447 ATF XN 5 - ADDINOL\" \/>\n<meta property=\"og:description\" content=\"T\u00f5husa kulumisvastase kaitse ja optimeeritud h\u00f5\u00f5rdeomadustega transmissiooni\u00f5li s\u00f5iduautode ja tarbes\u00f5idukite automaatk\u00e4igukastidele.\" \/>\n<meta property=\"og:url\" content=\"https:\/\/addinol.ee\/ru\/produkt\/maslo-dlya-avtomaticheskih-korobok-peredach-atf-xn-5\/\" \/>\n<meta property=\"og:site_name\" content=\"ADDINOL\" \/>\n<meta property=\"article:publisher\" content=\"https:\/\/www.facebook.com\/ADDINOLEesti\/\" \/>\n<meta property=\"article:modified_time\" content=\"2026-02-04T10:31:24+00:00\" \/>\n<meta property=\"og:image\" content=\"https:\/\/addinol.ee\/wp-content\/uploads\/2025\/12\/automaatkaigukastioli-atf-xn-5_1l-.png\" \/>\n\t<meta property=\"og:image:width\" content=\"512\" \/>\n\t<meta property=\"og:image:height\" content=\"724\" \/>\n\t<meta property=\"og:image:type\" content=\"image\/png\" \/>\n<meta name=\"twitter:card\" content=\"summary_large_image\" \/>\n<meta name=\"twitter:label1\" content=\"\u041f\u0440\u0438\u043c\u0435\u0440\u043d\u043e\u0435 \u0432\u0440\u0435\u043c\u044f \u0434\u043b\u044f \u0447\u0442\u0435\u043d\u0438\u044f\" \/>\n\t<meta name=\"twitter:data1\" content=\"3 \u043c\u0438\u043d\u0443\u0442\u044b\" \/>\n<script type=\"application\/ld+json\" class=\"yoast-schema-graph\">{\"@context\":\"https:\\\/\\\/schema.org\",\"@graph\":[{\"@type\":\"WebPage\",\"@id\":\"https:\\\/\\\/addinol.ee\\\/ru\\\/produkt\\\/maslo-dlya-avtomaticheskih-korobok-peredach-atf-xn-5\\\/\",\"url\":\"https:\\\/\\\/addinol.ee\\\/ru\\\/produkt\\\/maslo-dlya-avtomaticheskih-korobok-peredach-atf-xn-5\\\/\",\"name\":\"\u041c\u0430\u0441\u043b\u043e \u0434\u043b\u044f \u0430\u0432\u0442\u043e\u043c\u0430\u0442\u0438\u0447\u0435\u0441\u043a\u0438\u0445 \u043a\u043e\u0440\u043e\u0431\u043e\u043a \u043f\u0435\u0440\u0435\u0434\u0430\u0447 ATF XN 5 - ADDINOL\",\"isPartOf\":{\"@id\":\"https:\\\/\\\/addinol.ee\\\/ru\\\/#website\"},\"primaryImageOfPage\":{\"@id\":\"https:\\\/\\\/addinol.ee\\\/ru\\\/produkt\\\/maslo-dlya-avtomaticheskih-korobok-peredach-atf-xn-5\\\/#primaryimage\"},\"image\":{\"@id\":\"https:\\\/\\\/addinol.ee\\\/ru\\\/produkt\\\/maslo-dlya-avtomaticheskih-korobok-peredach-atf-xn-5\\\/#primaryimage\"},\"thumbnailUrl\":\"https:\\\/\\\/addinol.ee\\\/wp-content\\\/uploads\\\/2025\\\/12\\\/automaatkaigukastioli-atf-xn-5_1l-.png\",\"datePublished\":\"2025-12-04T12:37:04+00:00\",\"dateModified\":\"2026-02-04T10:31:24+00:00\",\"description\":\"T\u00f5husa kulumisvastase kaitse ja optimeeritud h\u00f5\u00f5rdeomadustega transmissiooni\u00f5li s\u00f5iduautode ja tarbes\u00f5idukite automaatk\u00e4igukastidele.\",\"breadcrumb\":{\"@id\":\"https:\\\/\\\/addinol.ee\\\/ru\\\/produkt\\\/maslo-dlya-avtomaticheskih-korobok-peredach-atf-xn-5\\\/#breadcrumb\"},\"inLanguage\":\"ru-RU\",\"potentialAction\":[{\"@type\":\"ReadAction\",\"target\":[\"https:\\\/\\\/addinol.ee\\\/ru\\\/produkt\\\/maslo-dlya-avtomaticheskih-korobok-peredach-atf-xn-5\\\/\"]}]},{\"@type\":\"ImageObject\",\"inLanguage\":\"ru-RU\",\"@id\":\"https:\\\/\\\/addinol.ee\\\/ru\\\/produkt\\\/maslo-dlya-avtomaticheskih-korobok-peredach-atf-xn-5\\\/#primaryimage\",\"url\":\"https:\\\/\\\/addinol.ee\\\/wp-content\\\/uploads\\\/2025\\\/12\\\/automaatkaigukastioli-atf-xn-5_1l-.png\",\"contentUrl\":\"https:\\\/\\\/addinol.ee\\\/wp-content\\\/uploads\\\/2025\\\/12\\\/automaatkaigukastioli-atf-xn-5_1l-.png\",\"width\":512,\"height\":724},{\"@type\":\"BreadcrumbList\",\"@id\":\"https:\\\/\\\/addinol.ee\\\/ru\\\/produkt\\\/maslo-dlya-avtomaticheskih-korobok-peredach-atf-xn-5\\\/#breadcrumb\",\"itemListElement\":[{\"@type\":\"ListItem\",\"position\":1,\"name\":\"ADDINOL\",\"item\":\"https:\\\/\\\/addinol.ee\\\/ru\\\/\"},{\"@type\":\"ListItem\",\"position\":2,\"name\":\"\u041e\u043d\u043b\u0430\u0439\u043d-\u043c\u0430\u0433\u0430\u0437\u0438\u043d\",\"item\":\"https:\\\/\\\/addinol.ee\\\/ru\\\/onlajn-magazin\\\/\"},{\"@type\":\"ListItem\",\"position\":3,\"name\":\"\u041c\u0430\u0441\u043b\u043e \u0434\u043b\u044f \u0430\u0432\u0442\u043e\u043c\u0430\u0442\u0438\u0447\u0435\u0441\u043a\u0438\u0445 \u043a\u043e\u0440\u043e\u0431\u043e\u043a \u043f\u0435\u0440\u0435\u0434\u0430\u0447 ATF XN 5\"}]},{\"@type\":\"WebSite\",\"@id\":\"https:\\\/\\\/addinol.ee\\\/ru\\\/#website\",\"url\":\"https:\\\/\\\/addinol.ee\\\/ru\\\/\",\"name\":\"ADDINOL\",\"description\":\"Mootori\u00f5lid ja m\u00e4\u00e4\u00e4rdeained igaks kasutusjuhuks\",\"publisher\":{\"@id\":\"https:\\\/\\\/addinol.ee\\\/ru\\\/#organization\"},\"potentialAction\":[{\"@type\":\"SearchAction\",\"target\":{\"@type\":\"EntryPoint\",\"urlTemplate\":\"https:\\\/\\\/addinol.ee\\\/ru\\\/?s={search_term_string}\"},\"query-input\":{\"@type\":\"PropertyValueSpecification\",\"valueRequired\":true,\"valueName\":\"search_term_string\"}}],\"inLanguage\":\"ru-RU\"},{\"@type\":\"Organization\",\"@id\":\"https:\\\/\\\/addinol.ee\\\/ru\\\/#organization\",\"name\":\"ADDINOL\",\"url\":\"https:\\\/\\\/addinol.ee\\\/ru\\\/\",\"logo\":{\"@type\":\"ImageObject\",\"inLanguage\":\"ru-RU\",\"@id\":\"https:\\\/\\\/addinol.ee\\\/ru\\\/#\\\/schema\\\/logo\\\/image\\\/\",\"url\":\"https:\\\/\\\/addinol.ee\\\/wp-content\\\/uploads\\\/2024\\\/10\\\/1200px-ADDINOL-Logo.webp\",\"contentUrl\":\"https:\\\/\\\/addinol.ee\\\/wp-content\\\/uploads\\\/2024\\\/10\\\/1200px-ADDINOL-Logo.webp\",\"width\":1200,\"height\":431,\"caption\":\"ADDINOL\"},\"image\":{\"@id\":\"https:\\\/\\\/addinol.ee\\\/ru\\\/#\\\/schema\\\/logo\\\/image\\\/\"},\"sameAs\":[\"https:\\\/\\\/www.facebook.com\\\/ADDINOLEesti\\\/\",\"https:\\\/\\\/www.instagram.com\\\/addinol_eesti\\\/\"]}]}<\/script>\n<!-- \/ Yoast SEO plugin. -->","yoast_head_json":{"title":"\u041c\u0430\u0441\u043b\u043e \u0434\u043b\u044f \u0430\u0432\u0442\u043e\u043c\u0430\u0442\u0438\u0447\u0435\u0441\u043a\u0438\u0445 \u043a\u043e\u0440\u043e\u0431\u043e\u043a \u043f\u0435\u0440\u0435\u0434\u0430\u0447 ATF XN 5 - ADDINOL","description":"T\u00f5husa kulumisvastase kaitse ja optimeeritud h\u00f5\u00f5rdeomadustega transmissiooni\u00f5li s\u00f5iduautode ja tarbes\u00f5idukite automaatk\u00e4igukastidele.","robots":{"index":"index","follow":"follow","max-snippet":"max-snippet:-1","max-image-preview":"max-image-preview:large","max-video-preview":"max-video-preview:-1"},"canonical":"https:\/\/addinol.ee\/ru\/produkt\/maslo-dlya-avtomaticheskih-korobok-peredach-atf-xn-5\/","og_locale":"ru_RU","og_type":"article","og_title":"\u041c\u0430\u0441\u043b\u043e \u0434\u043b\u044f \u0430\u0432\u0442\u043e\u043c\u0430\u0442\u0438\u0447\u0435\u0441\u043a\u0438\u0445 \u043a\u043e\u0440\u043e\u0431\u043e\u043a \u043f\u0435\u0440\u0435\u0434\u0430\u0447 ATF XN 5 - ADDINOL","og_description":"T\u00f5husa kulumisvastase kaitse ja optimeeritud h\u00f5\u00f5rdeomadustega transmissiooni\u00f5li s\u00f5iduautode ja tarbes\u00f5idukite automaatk\u00e4igukastidele.","og_url":"https:\/\/addinol.ee\/ru\/produkt\/maslo-dlya-avtomaticheskih-korobok-peredach-atf-xn-5\/","og_site_name":"ADDINOL","article_publisher":"https:\/\/www.facebook.com\/ADDINOLEesti\/","article_modified_time":"2026-02-04T10:31:24+00:00","og_image":[{"width":512,"height":724,"url":"https:\/\/addinol.ee\/wp-content\/uploads\/2025\/12\/automaatkaigukastioli-atf-xn-5_1l-.png","type":"image\/png"}],"twitter_card":"summary_large_image","twitter_misc":{"\u041f\u0440\u0438\u043c\u0435\u0440\u043d\u043e\u0435 \u0432\u0440\u0435\u043c\u044f \u0434\u043b\u044f \u0447\u0442\u0435\u043d\u0438\u044f":"3 \u043c\u0438\u043d\u0443\u0442\u044b"},"schema":{"@context":"https:\/\/schema.org","@graph":[{"@type":"WebPage","@id":"https:\/\/addinol.ee\/ru\/produkt\/maslo-dlya-avtomaticheskih-korobok-peredach-atf-xn-5\/","url":"https:\/\/addinol.ee\/ru\/produkt\/maslo-dlya-avtomaticheskih-korobok-peredach-atf-xn-5\/","name":"\u041c\u0430\u0441\u043b\u043e \u0434\u043b\u044f \u0430\u0432\u0442\u043e\u043c\u0430\u0442\u0438\u0447\u0435\u0441\u043a\u0438\u0445 \u043a\u043e\u0440\u043e\u0431\u043e\u043a \u043f\u0435\u0440\u0435\u0434\u0430\u0447 ATF XN 5 - ADDINOL","isPartOf":{"@id":"https:\/\/addinol.ee\/ru\/#website"},"primaryImageOfPage":{"@id":"https:\/\/addinol.ee\/ru\/produkt\/maslo-dlya-avtomaticheskih-korobok-peredach-atf-xn-5\/#primaryimage"},"image":{"@id":"https:\/\/addinol.ee\/ru\/produkt\/maslo-dlya-avtomaticheskih-korobok-peredach-atf-xn-5\/#primaryimage"},"thumbnailUrl":"https:\/\/addinol.ee\/wp-content\/uploads\/2025\/12\/automaatkaigukastioli-atf-xn-5_1l-.png","datePublished":"2025-12-04T12:37:04+00:00","dateModified":"2026-02-04T10:31:24+00:00","description":"T\u00f5husa kulumisvastase kaitse ja optimeeritud h\u00f5\u00f5rdeomadustega transmissiooni\u00f5li s\u00f5iduautode ja tarbes\u00f5idukite automaatk\u00e4igukastidele.","breadcrumb":{"@id":"https:\/\/addinol.ee\/ru\/produkt\/maslo-dlya-avtomaticheskih-korobok-peredach-atf-xn-5\/#breadcrumb"},"inLanguage":"ru-RU","potentialAction":[{"@type":"ReadAction","target":["https:\/\/addinol.ee\/ru\/produkt\/maslo-dlya-avtomaticheskih-korobok-peredach-atf-xn-5\/"]}]},{"@type":"ImageObject","inLanguage":"ru-RU","@id":"https:\/\/addinol.ee\/ru\/produkt\/maslo-dlya-avtomaticheskih-korobok-peredach-atf-xn-5\/#primaryimage","url":"https:\/\/addinol.ee\/wp-content\/uploads\/2025\/12\/automaatkaigukastioli-atf-xn-5_1l-.png","contentUrl":"https:\/\/addinol.ee\/wp-content\/uploads\/2025\/12\/automaatkaigukastioli-atf-xn-5_1l-.png","width":512,"height":724},{"@type":"BreadcrumbList","@id":"https:\/\/addinol.ee\/ru\/produkt\/maslo-dlya-avtomaticheskih-korobok-peredach-atf-xn-5\/#breadcrumb","itemListElement":[{"@type":"ListItem","position":1,"name":"ADDINOL","item":"https:\/\/addinol.ee\/ru\/"},{"@type":"ListItem","position":2,"name":"\u041e\u043d\u043b\u0430\u0439\u043d-\u043c\u0430\u0433\u0430\u0437\u0438\u043d","item":"https:\/\/addinol.ee\/ru\/onlajn-magazin\/"},{"@type":"ListItem","position":3,"name":"\u041c\u0430\u0441\u043b\u043e \u0434\u043b\u044f \u0430\u0432\u0442\u043e\u043c\u0430\u0442\u0438\u0447\u0435\u0441\u043a\u0438\u0445 \u043a\u043e\u0440\u043e\u0431\u043e\u043a \u043f\u0435\u0440\u0435\u0434\u0430\u0447 ATF XN 5"}]},{"@type":"WebSite","@id":"https:\/\/addinol.ee\/ru\/#website","url":"https:\/\/addinol.ee\/ru\/","name":"ADDINOL","description":"Mootori\u00f5lid ja m\u00e4\u00e4\u00e4rdeained igaks kasutusjuhuks","publisher":{"@id":"https:\/\/addinol.ee\/ru\/#organization"},"potentialAction":[{"@type":"SearchAction","target":{"@type":"EntryPoint","urlTemplate":"https:\/\/addinol.ee\/ru\/?s={search_term_string}"},"query-input":{"@type":"PropertyValueSpecification","valueRequired":true,"valueName":"search_term_string"}}],"inLanguage":"ru-RU"},{"@type":"Organization","@id":"https:\/\/addinol.ee\/ru\/#organization","name":"ADDINOL","url":"https:\/\/addinol.ee\/ru\/","logo":{"@type":"ImageObject","inLanguage":"ru-RU","@id":"https:\/\/addinol.ee\/ru\/#\/schema\/logo\/image\/","url":"https:\/\/addinol.ee\/wp-content\/uploads\/2024\/10\/1200px-ADDINOL-Logo.webp","contentUrl":"https:\/\/addinol.ee\/wp-content\/uploads\/2024\/10\/1200px-ADDINOL-Logo.webp","width":1200,"height":431,"caption":"ADDINOL"},"image":{"@id":"https:\/\/addinol.ee\/ru\/#\/schema\/logo\/image\/"},"sameAs":["https:\/\/www.facebook.com\/ADDINOLEesti\/","https:\/\/www.instagram.com\/addinol_eesti\/"]}]}},"_links":{"self":[{"href":"https:\/\/addinol.ee\/ru\/wp-json\/wp\/v2\/product\/57500","targetHints":{"allow":["GET"]}}],"collection":[{"href":"https:\/\/addinol.ee\/ru\/wp-json\/wp\/v2\/product"}],"about":[{"href":"https:\/\/addinol.ee\/ru\/wp-json\/wp\/v2\/types\/product"}],"wp:featuredmedia":[{"embeddable":true,"href":"https:\/\/addinol.ee\/ru\/wp-json\/wp\/v2\/media\/18250"}],"wp:attachment":[{"href":"https:\/\/addinol.ee\/ru\/wp-json\/wp\/v2\/media?parent=57500"}],"wp:term":[{"taxonomy":"viscosity","embeddable":true,"href":"https:\/\/addinol.ee\/ru\/wp-json\/wp\/v2\/viscosity?post=57500"},{"taxonomy":"product_brand","embeddable":true,"href":"https:\/\/addinol.ee\/ru\/wp-json\/wp\/v2\/product_brand?post=57500"},{"taxonomy":"product_cat","embeddable":true,"href":"https:\/\/addinol.ee\/ru\/wp-json\/wp\/v2\/product_cat?post=57500"},{"taxonomy":"product_tag","embeddable":true,"href":"https:\/\/addinol.ee\/ru\/wp-json\/wp\/v2\/product_tag?post=57500"},{"taxonomy":"inventory","embeddable":true,"href":"https:\/\/addinol.ee\/ru\/wp-json\/wp\/v2\/inventory?post=57500"}],"curies":[{"name":"wp","href":"https:\/\/api.w.org\/{rel}","templated":true}]}}