{"id":14273,"date":"2024-12-31T12:25:24","date_gmt":"2024-12-31T12:25:24","guid":{"rendered":"https:\/\/addinol.ee\/toode\/motornoe-maslo-premium-0530-c3-dx\/"},"modified":"2026-01-21T15:08:20","modified_gmt":"2026-01-21T13:08:20","slug":"motornoe-maslo-premium-0530-c3-dx","status":"publish","type":"product","link":"https:\/\/addinol.ee\/ru\/produkt\/motornoe-maslo-premium-0530-c3-dx\/","title":{"rendered":"\u041c\u043e\u0442\u043e\u0440\u043d\u043e\u0435 \u043c\u0430\u0441\u043b\u043e Premium 0530 C3-DX"},"content":{"rendered":"<p><strong>\u041e\u0411\u041b\u0410\u0421\u0422\u0418 \u041f\u0420\u0418\u041c\u0415\u041d\u0415\u041d\u0418\u042f<\/strong><br \/>\n\u2022 \u041c\u043e\u0442\u043e\u0440\u043d\u043e\u0435 \u043c\u0430\u0441\u043b\u043e Premium 0530 C3-DX \u0440\u0435\u043a\u043e\u043c\u0435\u043d\u0434\u0443\u0435\u0442\u0441\u044f \u0434\u043b\u044f \u043d\u043e\u0432\u0435\u0439\u0448\u0435\u0433\u043e \u043f\u043e\u043a\u043e\u043b\u0435\u043d\u0438\u044f \u0434\u0438\u0437\u0435\u043b\u044c\u043d\u044b\u0445 \u0438 \u0431\u0435\u043d\u0437\u0438\u043d\u043e\u0432\u044b\u0445 \u0434\u0432\u0438\u0433\u0430\u0442\u0435\u043b\u0435\u0439 \u0415\u0432\u0440\u043e-4 \u0438 \u0415\u0432\u0440\u043e-5.<br \/>\n\u2022 \u041f\u0440\u043e\u0434\u0443\u043a\u0442 \u043f\u0440\u0435\u0434\u043d\u0430\u0437\u043d\u0430\u0447\u0435\u043d \u0434\u043b\u044f \u0443\u043b\u044c\u0442\u0440\u0430\u0441\u043e\u0432\u0440\u0435\u043c\u0435\u043d\u043d\u044b\u0445 \u0430\u0432\u0442\u043e\u043c\u043e\u0431\u0438\u043b\u0435\u0439 \u043a\u043e\u043d\u0446\u0435\u0440\u043d\u0430 GM.<br \/>\n\u2022 \u0423\u0434\u043b\u0438\u043d\u0435\u043d\u0438\u0435 \u0438\u043d\u0442\u0435\u0440\u0432\u0430\u043b\u043e\u0432 \u0437\u0430\u043c\u0435\u043d\u044b \u043c\u0430\u0441\u043b\u0430 \u0432 \u0441\u043e\u043e\u0442\u0432\u0435\u0442\u0441\u0442\u0432\u0438\u0438 \u0441 \u043f\u0440\u0435\u0434\u043f\u0438\u0441\u0430\u043d\u0438\u044f\u043c\u0438 \u043f\u0440\u043e\u0438\u0437\u0432\u043e\u0434\u0438\u0442\u0435\u043b\u0435\u0439.<\/p>\n<p><strong>\u0421\u041f\u0415\u0426\u0418\u0424\u0418\u041a\u0410\u0426\u0418\u042f \/ \u041b\u0418\u0426\u0415\u041d\u0417\u0418\u042f:<\/strong><br \/>\n\u041c\u043e\u0442\u043e\u0440\u043d\u043e\u0435 \u043c\u0430\u0441\u043b\u043e Premium 0530 C3-DX \u0432\u044b\u043f\u043e\u043b\u043d\u044f\u0435\u0442 \u0438 \u043f\u0435\u0440\u0435\u0432\u044b\u043f\u043e\u043b\u043d\u044f\u0435\u0442 \u043c\u0435\u0436\u0434\u0443\u043d\u0430\u0440\u043e\u0434\u043d\u044b\u0435 \u0441\u043f\u0435\u0446\u0438\u0444\u0438\u043a\u0430\u0446\u0438\u0438:<br \/>\n\u2022 ACEA C3<br \/>\n\u2022 API SN\/CF.<\/p>\n<p>\u0418\u043c\u0435\u0435\u0442 \u043b\u0438\u0446\u0435\u043d\u0437\u0438\u044e:<br \/>\n\u2022 dexos2\u2122 (\u043b\u0438\u0446\u0435\u043d\u0437\u0438\u044f \u2116 RB2D0207058)<br \/>\n\u2022 OV0401547-D30<br \/>\n\u2022 MB 229.52<br \/>\n\u2022 MB 229.51<br \/>\n\u2022 MB 229.31<br \/>\n\u2022 VW 505 00 \/ 505 01<\/p>\n<p>\u0412\u044b\u043f\u043e\u043b\u043d\u044f\u0435\u0442 \u0442\u0440\u0435\u0431\u043e\u0432\u0430\u043d\u0438\u044f:<br \/>\n\u2022 GM LL-A-025<br \/>\n\u2022 GM LL-B-025<br \/>\n\u2022 Ford WSS-M2C-917-A<br \/>\n\u2022 BMW Longlife-04<\/p>\n<p><strong>\u00a0\u0421\u0412\u041e\u0419\u0421\u0422\u0412\u0410<\/strong><br \/>\n\u2022 \u041f\u0440\u0435\u043a\u0440\u0430\u0441\u043d\u044b\u0435 \u043c\u043e\u044e\u0449\u0438\u0435 \u0441\u0432\u043e\u0439\u0441\u0442\u0432\u0430 \u0438 \u043f\u0440\u0435\u0432\u043e\u0441\u0445\u043e\u0434\u043d\u0430\u044f \u0434\u0438\u0441\u043f\u0435\u0440\u0433\u0438\u0440\u0443\u044e\u0449\u0430\u044f \u0441\u043f\u043e\u0441\u043e\u0431\u043d\u043e\u0441\u0442\u044c<br \/>\n\u2022 \u041e\u0442\u043b\u0438\u0447\u043d\u044b\u0435 \u043f\u0440\u043e\u0442\u0438\u0432\u043e\u0438\u0437\u043d\u043e\u0441\u043d\u044b\u0435 \u0441\u0432\u043e\u0439\u0441\u0442\u0432\u0430<br \/>\n\u2022 \u041f\u0440\u0435\u0432\u043e\u0441\u0445\u043e\u0434\u043d\u044b\u0435 \u043d\u0438\u0437\u043a\u043e\u0442\u0435\u043c\u043f\u0435\u0440\u0430\u0442\u0443\u0440\u043d\u044b\u0435 \u0441\u0432\u043e\u0439\u0441\u0442\u0432\u0430<br \/>\n\u2022 \u0418\u0441\u043a\u043b\u044e\u0447\u0438\u0442\u0435\u043b\u044c\u043d\u0430\u044f \u0430\u043d\u0442\u0438\u043e\u043a\u0438\u0441\u043b\u0438\u0442\u0435\u043b\u044c\u043d\u0430\u044f \u0441\u0442\u0430\u0431\u0438\u043b\u044c\u043d\u043e\u0441\u0442\u044c<br \/>\n\u2022 \u0417\u0430\u043c\u0435\u0447\u0430\u0442\u0435\u043b\u044c\u043d\u044b\u0435 \u0430\u043d\u0442\u0438\u0444\u0440\u0438\u043a\u0446\u0438\u043e\u043d\u043d\u044b\u0435 \u0441\u0432\u043e\u0439\u0441\u0442\u0432\u0430<br \/>\n\u2022 \u041d\u0435\u0437\u043d\u0430\u0447\u0438\u0442\u0435\u043b\u044c\u043d\u0430\u044f \u0438\u0441\u043f\u0430\u0440\u044f\u0435\u043c\u043e\u0441\u0442\u044c<br \/>\n\u2022 \u041d\u0438\u0437\u043a\u043e\u0435 \u0441\u043e\u0434\u0435\u0440\u0436\u0430\u043d\u0438\u0435 \u0441\u0443\u043b\u044c\u0444\u0430\u0442\u043d\u043e\u0439 \u0437\u043e\u043b\u044b, \u0444\u043e\u0441\u0444\u043e\u0440\u0430 \u0438 \u0441\u0435\u0440\u044b<br \/>\n\u2022 \u0421\u043d\u0438\u0436\u0435\u043d\u0438\u0435 \u0432\u044b\u0431\u0440\u043e\u0441\u043e\u0432 \u043f\u0440\u043e\u0434\u0443\u043a\u0442\u043e\u0432 \u0433\u043e\u0440\u0435\u043d\u0438\u044f \u0441\u043c\u0430\u0437\u043e\u0447\u043d\u043e\u0433\u043e \u043c\u0430\u0442\u0435\u0440\u0438\u0430\u043b\u0430<\/p>\n<p><strong>\u041f\u0420\u0415\u0418\u041c\u0423\u0429\u0415\u0421\u0422\u0412\u0410 \u0414\u041b\u042f \u041f\u041e\u0422\u0420\u0415\u0411\u0418\u0422\u0415\u041b\u042f<\/strong><br \/>\n\u2022 \u041c\u0430\u043a\u0441\u0438\u043c\u0430\u043b\u044c\u043d\u0430\u044f \u0447\u0438\u0441\u0442\u043e\u0442\u0430 \u0434\u0432\u0438\u0433\u0430\u0442\u0435\u043b\u044f<br \/>\n\u2022 \u0414\u043b\u0438\u0442\u0435\u043b\u044c\u043d\u044b\u0439 \u0441\u0440\u043e\u043a \u0441\u043b\u0443\u0436\u0431\u044b \u0434\u0432\u0438\u0433\u0430\u0442\u0435\u043b\u044f<br \/>\n\u2022 \u0418\u0441\u043a\u043b\u044e\u0447\u0438\u0442\u0435\u043b\u044c\u043d\u044b\u0435 \u0441\u0432\u043e\u0439\u0441\u0442\u0432\u0430 \u043f\u0440\u0438 \u0445\u043e\u043b\u043e\u0434\u043d\u043e\u043c \u043f\u0443\u0441\u043a\u0435 \u0438 \u043f\u0440\u043e\u0433\u0440\u0435\u0432\u0435 \u0434\u0432\u0438\u0433\u0430\u0442\u0435\u043b\u044f<br \/>\n\u2022 \u0421\u0432\u043e\u0439\u0441\u0442\u0432\u0430 Longlife<br \/>\n\u2022 \u042d\u043a\u043e\u043d\u043e\u043c\u0438\u044f \u0442\u043e\u043f\u043b\u0438\u0432\u0430<br \/>\n\u2022 \u041d\u0435\u0437\u043d\u0430\u0447\u0438\u0442\u0435\u043b\u044c\u043d\u044b\u0439 \u0440\u0430\u0441\u0445\u043e\u0434 \u043c\u0430\u0441\u043b\u0430<br \/>\n\u2022 \u041f\u0440\u043e\u0434\u043b\u0435\u043d\u0438\u0435 \u0441\u0440\u043e\u043a\u0430 \u0441\u043b\u0443\u0436\u0431\u044b \u0434\u0438\u0437\u0435\u043b\u044c\u043d\u043e\u0433\u043e \u0441\u0430\u0436\u0435\u0432\u043e\u0433\u043e \u0444\u0438\u043b\u044c\u0442\u0440\u0430 (DPF)<br \/>\n\u2022 \u041f\u043e\u0432\u044b\u0448\u0435\u043d\u0438\u0435 \u044d\u043a\u043e\u043b\u043e\u0433\u0438\u0447\u0435\u0441\u043a\u043e\u0439 \u0431\u0435\u0437\u043e\u043f\u0430\u0441\u043d\u043e\u0441\u0442\u0438<\/p>\n","protected":false},"excerpt":{"rendered":"<p>ADDINOL Premium 0530 C3-DX \u2014 \u044d\u0442\u043e \u043c\u043e\u0442\u043e\u0440\u043d\u043e\u0435 \u043c\u0430\u0441\u043b\u043e \u043b\u0435\u0433\u043a\u043e\u0433\u043e \u0445\u043e\u0434\u0430 \u0441\u043e \u0441\u0432\u043e\u0439\u0441\u0442\u0432\u043e\u043c Longlife, \u0438\u0437\u0433\u043e\u0442\u043e\u0432\u043b\u0435\u043d\u043d\u043e\u0435 \u043f\u043e \u0441\u0430\u043c\u044b\u043c \u0441\u043e\u0432\u0440\u0435\u043c\u0435\u043d\u043d\u044b\u043c \u0442\u0435\u0445\u00ad\u043d\u043e\u00ad\u043b\u043e\u0433\u0438\u044f\u043c \u0441\u0438\u043d\u0442\u0435\u0437\u0430. \u042f\u0432\u043b\u044f\u0435\u0442\u0441\u044f \u043d\u043e\u0432\u0435\u0439\u0448\u0435\u0439 \u0440\u0430\u0437\u0440\u0430\u0431\u043e\u0442\u043a\u043e\u0439 \u043a\u043e\u043c\u043f\u0430\u043d\u0438\u0438 Addinol. \u041f\u0440\u043e\u0434\u0443\u043a\u0442 \u043e\u0442\u043d\u043e\u0441\u0438\u0442\u0441\u044f \u043a \u043a\u043b\u0430\u0441\u0441\u0443 SAE 5W-30. \u041c\u043e\u0442\u043e\u0440\u043d\u043e\u0435 \u043c\u0430\u0441\u043b\u043e \u0440\u0435\u043a\u043e\u043c\u0435\u043d\u0434\u0443\u0435\u0442\u0441\u044f \u0434\u043b\u044f \u0431\u0435\u043d\u0437\u0438\u043d\u043e\u0432\u044b\u0445 \u0434\u0432\u0438\u0433\u0430\u0442\u0435\u043b\u0435\u0439, \u0444\u0443\u043d\u043a\u0446\u0438\u00ad\u043e\u043d\u0438\u0440\u0443\u044e\u0449\u0438\u0445 \u043d\u0430 \u043e\u0431\u044b\u0447\u043d\u043e\u043c \u0431\u0435\u043d\u0437\u0438\u043d\u0435, E85, \u043f\u0440\u0438\u0440\u043e\u0434\u043d\u043e\u043c (CNG) \u0438\u043b\u0438 \u0441\u0436\u0438\u0436\u0435\u043d\u043d\u043e\u043c (LPG) \u0433\u0430\u0437\u0435, \u0430 \u0442\u0430\u043a\u0436\u0435 \u0434\u043b\u044f \u0434\u0438\u0437\u0435\u043b\u044c\u043d\u044b\u0445 \u0434\u0432\u0438\u0433\u0430\u0442\u0435\u043b\u0435\u0439. \u041d\u043e\u00ad\u0432\u044b\u0439 \u043f\u0440\u043e\u0434\u0443\u043a\u0442 \u0433\u0430\u0440\u0430\u043d\u0442\u0438\u0440\u0443\u0435\u0442 \u043e\u043f\u0442\u0438\u043c\u0430\u043b\u044c\u043d\u0443\u044e \u0440\u0430\u0431\u043e\u0442\u0443 \u0438 \u0434\u043b\u0438\u0442\u0435\u043b\u044c\u043d\u044b\u0439 \u0441\u0440\u043e\u043a \u0441\u043b\u0443\u0436\u00ad\u0431\u044b \u043d\u043e\u0432\u0435\u0439\u0448\u0435\u0439 \u0442\u0435\u0445\u043d\u0438\u043a\u0438 \u0441 \u0434\u0438\u0437\u0435\u043b\u044c\u043d\u044b\u043c \u0441\u0430\u0436\u0435\u0432\u044b\u043c \u0444\u0438\u043b\u044c\u0442\u0440\u043e\u043c. \u0420\u0435\u043a\u043e\u00ad\u043c\u0435\u043d\u00ad\u0434\u0443\u0435\u0442\u00ad\u0441\u044f \u0442\u0430\u043a\u0436\u0435 \u043f\u0440\u0438 \u043f\u043e\u0441\u043b\u0435\u0434\u0443\u044e\u0449\u0435\u0439 \u0443\u0441\u0442\u0430\u043d\u043e\u0432\u043a\u0435 \u0444\u0438\u043b\u044c\u0442\u0440\u0430.<\/p>\n","protected":false},"featured_media":6161,"template":"","meta":{"_acf_changed":false},"viscosity":[740],"product_brand":[],"product_cat":[872,886,887],"product_tag":[],"inventory":[],"class_list":{"0":"post-14273","1":"product","2":"type-product","3":"status-publish","4":"has-post-thumbnail","6":"viscosity-5w-30","7":"product_cat-smazochnye-materialy-dlya-avtotransporta","8":"product_cat-motornye-masla","9":"product_cat-dlya-legkovyh-avtomobilej","10":"pa_vali-pakend-premium-0530c3-dx-5l-ru","11":"pa_vali-pakend-premium-0530-c3-dx-1l-ru","12":"pa_vali-pakend-premium-0530-c3-dx-5l-ru","13":"pa_vali-pakend-premium-0530c3-dx-1l-ru","15":"first","16":"instock","17":"taxable","18":"shipping-taxable","19":"purchasable","20":"product-type-variable"},"acf":[],"yoast_head":"<!-- This site is optimized with the Yoast SEO plugin v27.1.1 - https:\/\/yoast.com\/product\/yoast-seo-wordpress\/ -->\n<title>\u041c\u043e\u0442\u043e\u0440\u043d\u043e\u0435 \u043c\u0430\u0441\u043b\u043e Premium 0530 C3-DX - ADDINOL<\/title>\n<meta name=\"description\" content=\"\u0421\u0438\u043d\u0442\u0435\u0442\u0438\u0447\u0435\u0441\u043a\u043e\u0435, \u0441\u0440\u0435\u0434\u043d\u0435\u0437\u043e\u043b\u044c\u043d\u043e\u0435 (mid SAPS), \u0443\u043d\u0438\u0432\u0435\u0440\u0441\u0430\u043b\u044c\u043d\u043e\u0435 \u043c\u0430\u0441\u043b\u043e ACEA C3 \u043a\u043b\u0430\u0441\u0441\u0430 \u0432\u044f\u0437\u043a\u043e\u0441\u0442\u0438 SAE 5W-30.\" \/>\n<meta name=\"robots\" content=\"index, follow, max-snippet:-1, max-image-preview:large, max-video-preview:-1\" \/>\n<link rel=\"canonical\" href=\"https:\/\/addinol.ee\/ru\/produkt\/motornoe-maslo-premium-0530-c3-dx\/\" \/>\n<meta property=\"og:locale\" content=\"ru_RU\" \/>\n<meta property=\"og:type\" content=\"article\" \/>\n<meta property=\"og:title\" content=\"\u041c\u043e\u0442\u043e\u0440\u043d\u043e\u0435 \u043c\u0430\u0441\u043b\u043e Premium 0530 C3-DX - ADDINOL\" \/>\n<meta property=\"og:description\" content=\"\u0421\u0438\u043d\u0442\u0435\u0442\u0438\u0447\u0435\u0441\u043a\u043e\u0435, \u0441\u0440\u0435\u0434\u043d\u0435\u0437\u043e\u043b\u044c\u043d\u043e\u0435 (mid SAPS), \u0443\u043d\u0438\u0432\u0435\u0440\u0441\u0430\u043b\u044c\u043d\u043e\u0435 \u043c\u0430\u0441\u043b\u043e ACEA C3 \u043a\u043b\u0430\u0441\u0441\u0430 \u0432\u044f\u0437\u043a\u043e\u0441\u0442\u0438 SAE 5W-30.\" \/>\n<meta property=\"og:url\" content=\"https:\/\/addinol.ee\/ru\/produkt\/motornoe-maslo-premium-0530-c3-dx\/\" \/>\n<meta property=\"og:site_name\" content=\"ADDINOL\" \/>\n<meta property=\"article:publisher\" content=\"https:\/\/www.facebook.com\/ADDINOLEesti\/\" \/>\n<meta property=\"article:modified_time\" content=\"2026-01-21T13:08:20+00:00\" \/>\n<meta property=\"og:image\" content=\"https:\/\/addinol.ee\/wp-content\/uploads\/2024\/12\/premium-0530c3-dx-3.jpg\" \/>\n\t<meta property=\"og:image:width\" content=\"418\" \/>\n\t<meta property=\"og:image:height\" content=\"800\" \/>\n\t<meta property=\"og:image:type\" content=\"image\/jpeg\" \/>\n<meta name=\"twitter:card\" content=\"summary_large_image\" \/>\n<meta name=\"twitter:label1\" content=\"\u041f\u0440\u0438\u043c\u0435\u0440\u043d\u043e\u0435 \u0432\u0440\u0435\u043c\u044f \u0434\u043b\u044f \u0447\u0442\u0435\u043d\u0438\u044f\" \/>\n\t<meta name=\"twitter:data1\" content=\"2 \u043c\u0438\u043d\u0443\u0442\u044b\" \/>\n<script type=\"application\/ld+json\" class=\"yoast-schema-graph\">{\"@context\":\"https:\/\/schema.org\",\"@graph\":[{\"@type\":\"WebPage\",\"@id\":\"https:\/\/addinol.ee\/ru\/produkt\/motornoe-maslo-premium-0530-c3-dx\/\",\"url\":\"https:\/\/addinol.ee\/ru\/produkt\/motornoe-maslo-premium-0530-c3-dx\/\",\"name\":\"\u041c\u043e\u0442\u043e\u0440\u043d\u043e\u0435 \u043c\u0430\u0441\u043b\u043e Premium 0530 C3-DX - ADDINOL\",\"isPartOf\":{\"@id\":\"https:\/\/addinol.ee\/ru\/#website\"},\"primaryImageOfPage\":{\"@id\":\"https:\/\/addinol.ee\/ru\/produkt\/motornoe-maslo-premium-0530-c3-dx\/#primaryimage\"},\"image\":{\"@id\":\"https:\/\/addinol.ee\/ru\/produkt\/motornoe-maslo-premium-0530-c3-dx\/#primaryimage\"},\"thumbnailUrl\":\"https:\/\/addinol.ee\/wp-content\/uploads\/2024\/12\/premium-0530c3-dx-3.jpg\",\"datePublished\":\"2024-12-31T12:25:24+00:00\",\"dateModified\":\"2026-01-21T13:08:20+00:00\",\"description\":\"\u0421\u0438\u043d\u0442\u0435\u0442\u0438\u0447\u0435\u0441\u043a\u043e\u0435, \u0441\u0440\u0435\u0434\u043d\u0435\u0437\u043e\u043b\u044c\u043d\u043e\u0435 (mid SAPS), \u0443\u043d\u0438\u0432\u0435\u0440\u0441\u0430\u043b\u044c\u043d\u043e\u0435 \u043c\u0430\u0441\u043b\u043e ACEA C3 \u043a\u043b\u0430\u0441\u0441\u0430 \u0432\u044f\u0437\u043a\u043e\u0441\u0442\u0438 SAE 5W-30.\",\"breadcrumb\":{\"@id\":\"https:\/\/addinol.ee\/ru\/produkt\/motornoe-maslo-premium-0530-c3-dx\/#breadcrumb\"},\"inLanguage\":\"ru-RU\",\"potentialAction\":[{\"@type\":\"ReadAction\",\"target\":[\"https:\/\/addinol.ee\/ru\/produkt\/motornoe-maslo-premium-0530-c3-dx\/\"]}]},{\"@type\":\"ImageObject\",\"inLanguage\":\"ru-RU\",\"@id\":\"https:\/\/addinol.ee\/ru\/produkt\/motornoe-maslo-premium-0530-c3-dx\/#primaryimage\",\"url\":\"https:\/\/addinol.ee\/wp-content\/uploads\/2024\/12\/premium-0530c3-dx-3.jpg\",\"contentUrl\":\"https:\/\/addinol.ee\/wp-content\/uploads\/2024\/12\/premium-0530c3-dx-3.jpg\",\"width\":418,\"height\":800,\"caption\":\"\u041c\u043e\u0442\u043e\u0440\u043d\u043e\u0435 \u043c\u0430\u0441\u043b\u043e Premium 0530 C3-DX\"},{\"@type\":\"BreadcrumbList\",\"@id\":\"https:\/\/addinol.ee\/ru\/produkt\/motornoe-maslo-premium-0530-c3-dx\/#breadcrumb\",\"itemListElement\":[{\"@type\":\"ListItem\",\"position\":1,\"name\":\"ADDINOL\",\"item\":\"https:\/\/addinol.ee\/ru\/\"},{\"@type\":\"ListItem\",\"position\":2,\"name\":\"\u041e\u043d\u043b\u0430\u0439\u043d-\u043f\u0440\u043e\u0434\u0430\u0436\u0430\",\"item\":\"https:\/\/addinol.ee\/ru\/onlajn-prodazha\/\"},{\"@type\":\"ListItem\",\"position\":3,\"name\":\"\u041c\u043e\u0442\u043e\u0440\u043d\u043e\u0435 \u043c\u0430\u0441\u043b\u043e Premium 0530 C3-DX\"}]},{\"@type\":\"WebSite\",\"@id\":\"https:\/\/addinol.ee\/ru\/#website\",\"url\":\"https:\/\/addinol.ee\/ru\/\",\"name\":\"ADDINOL\",\"description\":\"Mootori\u00f5lid ja m\u00e4\u00e4\u00e4rdeained igaks kasutusjuhuks\",\"publisher\":{\"@id\":\"https:\/\/addinol.ee\/ru\/#organization\"},\"potentialAction\":[{\"@type\":\"SearchAction\",\"target\":{\"@type\":\"EntryPoint\",\"urlTemplate\":\"https:\/\/addinol.ee\/ru\/?s={search_term_string}\"},\"query-input\":{\"@type\":\"PropertyValueSpecification\",\"valueRequired\":true,\"valueName\":\"search_term_string\"}}],\"inLanguage\":\"ru-RU\"},{\"@type\":\"Organization\",\"@id\":\"https:\/\/addinol.ee\/ru\/#organization\",\"name\":\"ADDINOL\",\"url\":\"https:\/\/addinol.ee\/ru\/\",\"logo\":{\"@type\":\"ImageObject\",\"inLanguage\":\"ru-RU\",\"@id\":\"https:\/\/addinol.ee\/ru\/#\/schema\/logo\/image\/\",\"url\":\"https:\/\/addinol.ee\/wp-content\/uploads\/2024\/10\/1200px-ADDINOL-Logo.webp\",\"contentUrl\":\"https:\/\/addinol.ee\/wp-content\/uploads\/2024\/10\/1200px-ADDINOL-Logo.webp\",\"width\":1200,\"height\":431,\"caption\":\"ADDINOL\"},\"image\":{\"@id\":\"https:\/\/addinol.ee\/ru\/#\/schema\/logo\/image\/\"},\"sameAs\":[\"https:\/\/www.facebook.com\/ADDINOLEesti\/\",\"https:\/\/www.instagram.com\/addinol_eesti\/\"]}]}<\/script>\n<!-- \/ Yoast SEO plugin. -->","yoast_head_json":{"title":"\u041c\u043e\u0442\u043e\u0440\u043d\u043e\u0435 \u043c\u0430\u0441\u043b\u043e Premium 0530 C3-DX - ADDINOL","description":"\u0421\u0438\u043d\u0442\u0435\u0442\u0438\u0447\u0435\u0441\u043a\u043e\u0435, \u0441\u0440\u0435\u0434\u043d\u0435\u0437\u043e\u043b\u044c\u043d\u043e\u0435 (mid SAPS), \u0443\u043d\u0438\u0432\u0435\u0440\u0441\u0430\u043b\u044c\u043d\u043e\u0435 \u043c\u0430\u0441\u043b\u043e ACEA C3 \u043a\u043b\u0430\u0441\u0441\u0430 \u0432\u044f\u0437\u043a\u043e\u0441\u0442\u0438 SAE 5W-30.","robots":{"index":"index","follow":"follow","max-snippet":"max-snippet:-1","max-image-preview":"max-image-preview:large","max-video-preview":"max-video-preview:-1"},"canonical":"https:\/\/addinol.ee\/ru\/produkt\/motornoe-maslo-premium-0530-c3-dx\/","og_locale":"ru_RU","og_type":"article","og_title":"\u041c\u043e\u0442\u043e\u0440\u043d\u043e\u0435 \u043c\u0430\u0441\u043b\u043e Premium 0530 C3-DX - ADDINOL","og_description":"\u0421\u0438\u043d\u0442\u0435\u0442\u0438\u0447\u0435\u0441\u043a\u043e\u0435, \u0441\u0440\u0435\u0434\u043d\u0435\u0437\u043e\u043b\u044c\u043d\u043e\u0435 (mid SAPS), \u0443\u043d\u0438\u0432\u0435\u0440\u0441\u0430\u043b\u044c\u043d\u043e\u0435 \u043c\u0430\u0441\u043b\u043e ACEA C3 \u043a\u043b\u0430\u0441\u0441\u0430 \u0432\u044f\u0437\u043a\u043e\u0441\u0442\u0438 SAE 5W-30.","og_url":"https:\/\/addinol.ee\/ru\/produkt\/motornoe-maslo-premium-0530-c3-dx\/","og_site_name":"ADDINOL","article_publisher":"https:\/\/www.facebook.com\/ADDINOLEesti\/","article_modified_time":"2026-01-21T13:08:20+00:00","og_image":[{"width":418,"height":800,"url":"https:\/\/addinol.ee\/wp-content\/uploads\/2024\/12\/premium-0530c3-dx-3.jpg","type":"image\/jpeg"}],"twitter_card":"summary_large_image","twitter_misc":{"\u041f\u0440\u0438\u043c\u0435\u0440\u043d\u043e\u0435 \u0432\u0440\u0435\u043c\u044f \u0434\u043b\u044f \u0447\u0442\u0435\u043d\u0438\u044f":"2 \u043c\u0438\u043d\u0443\u0442\u044b"},"schema":{"@context":"https:\/\/schema.org","@graph":[{"@type":"WebPage","@id":"https:\/\/addinol.ee\/ru\/produkt\/motornoe-maslo-premium-0530-c3-dx\/","url":"https:\/\/addinol.ee\/ru\/produkt\/motornoe-maslo-premium-0530-c3-dx\/","name":"\u041c\u043e\u0442\u043e\u0440\u043d\u043e\u0435 \u043c\u0430\u0441\u043b\u043e Premium 0530 C3-DX - ADDINOL","isPartOf":{"@id":"https:\/\/addinol.ee\/ru\/#website"},"primaryImageOfPage":{"@id":"https:\/\/addinol.ee\/ru\/produkt\/motornoe-maslo-premium-0530-c3-dx\/#primaryimage"},"image":{"@id":"https:\/\/addinol.ee\/ru\/produkt\/motornoe-maslo-premium-0530-c3-dx\/#primaryimage"},"thumbnailUrl":"https:\/\/addinol.ee\/wp-content\/uploads\/2024\/12\/premium-0530c3-dx-3.jpg","datePublished":"2024-12-31T12:25:24+00:00","dateModified":"2026-01-21T13:08:20+00:00","description":"\u0421\u0438\u043d\u0442\u0435\u0442\u0438\u0447\u0435\u0441\u043a\u043e\u0435, \u0441\u0440\u0435\u0434\u043d\u0435\u0437\u043e\u043b\u044c\u043d\u043e\u0435 (mid SAPS), \u0443\u043d\u0438\u0432\u0435\u0440\u0441\u0430\u043b\u044c\u043d\u043e\u0435 \u043c\u0430\u0441\u043b\u043e ACEA C3 \u043a\u043b\u0430\u0441\u0441\u0430 \u0432\u044f\u0437\u043a\u043e\u0441\u0442\u0438 SAE 5W-30.","breadcrumb":{"@id":"https:\/\/addinol.ee\/ru\/produkt\/motornoe-maslo-premium-0530-c3-dx\/#breadcrumb"},"inLanguage":"ru-RU","potentialAction":[{"@type":"ReadAction","target":["https:\/\/addinol.ee\/ru\/produkt\/motornoe-maslo-premium-0530-c3-dx\/"]}]},{"@type":"ImageObject","inLanguage":"ru-RU","@id":"https:\/\/addinol.ee\/ru\/produkt\/motornoe-maslo-premium-0530-c3-dx\/#primaryimage","url":"https:\/\/addinol.ee\/wp-content\/uploads\/2024\/12\/premium-0530c3-dx-3.jpg","contentUrl":"https:\/\/addinol.ee\/wp-content\/uploads\/2024\/12\/premium-0530c3-dx-3.jpg","width":418,"height":800,"caption":"\u041c\u043e\u0442\u043e\u0440\u043d\u043e\u0435 \u043c\u0430\u0441\u043b\u043e Premium 0530 C3-DX"},{"@type":"BreadcrumbList","@id":"https:\/\/addinol.ee\/ru\/produkt\/motornoe-maslo-premium-0530-c3-dx\/#breadcrumb","itemListElement":[{"@type":"ListItem","position":1,"name":"ADDINOL","item":"https:\/\/addinol.ee\/ru\/"},{"@type":"ListItem","position":2,"name":"\u041e\u043d\u043b\u0430\u0439\u043d-\u043f\u0440\u043e\u0434\u0430\u0436\u0430","item":"https:\/\/addinol.ee\/ru\/onlajn-prodazha\/"},{"@type":"ListItem","position":3,"name":"\u041c\u043e\u0442\u043e\u0440\u043d\u043e\u0435 \u043c\u0430\u0441\u043b\u043e Premium 0530 C3-DX"}]},{"@type":"WebSite","@id":"https:\/\/addinol.ee\/ru\/#website","url":"https:\/\/addinol.ee\/ru\/","name":"ADDINOL","description":"Mootori\u00f5lid ja m\u00e4\u00e4\u00e4rdeained igaks kasutusjuhuks","publisher":{"@id":"https:\/\/addinol.ee\/ru\/#organization"},"potentialAction":[{"@type":"SearchAction","target":{"@type":"EntryPoint","urlTemplate":"https:\/\/addinol.ee\/ru\/?s={search_term_string}"},"query-input":{"@type":"PropertyValueSpecification","valueRequired":true,"valueName":"search_term_string"}}],"inLanguage":"ru-RU"},{"@type":"Organization","@id":"https:\/\/addinol.ee\/ru\/#organization","name":"ADDINOL","url":"https:\/\/addinol.ee\/ru\/","logo":{"@type":"ImageObject","inLanguage":"ru-RU","@id":"https:\/\/addinol.ee\/ru\/#\/schema\/logo\/image\/","url":"https:\/\/addinol.ee\/wp-content\/uploads\/2024\/10\/1200px-ADDINOL-Logo.webp","contentUrl":"https:\/\/addinol.ee\/wp-content\/uploads\/2024\/10\/1200px-ADDINOL-Logo.webp","width":1200,"height":431,"caption":"ADDINOL"},"image":{"@id":"https:\/\/addinol.ee\/ru\/#\/schema\/logo\/image\/"},"sameAs":["https:\/\/www.facebook.com\/ADDINOLEesti\/","https:\/\/www.instagram.com\/addinol_eesti\/"]}]}},"_links":{"self":[{"href":"https:\/\/addinol.ee\/ru\/wp-json\/wp\/v2\/product\/14273","targetHints":{"allow":["GET"]}}],"collection":[{"href":"https:\/\/addinol.ee\/ru\/wp-json\/wp\/v2\/product"}],"about":[{"href":"https:\/\/addinol.ee\/ru\/wp-json\/wp\/v2\/types\/product"}],"wp:featuredmedia":[{"embeddable":true,"href":"https:\/\/addinol.ee\/ru\/wp-json\/wp\/v2\/media\/6161"}],"wp:attachment":[{"href":"https:\/\/addinol.ee\/ru\/wp-json\/wp\/v2\/media?parent=14273"}],"wp:term":[{"taxonomy":"viscosity","embeddable":true,"href":"https:\/\/addinol.ee\/ru\/wp-json\/wp\/v2\/viscosity?post=14273"},{"taxonomy":"product_brand","embeddable":true,"href":"https:\/\/addinol.ee\/ru\/wp-json\/wp\/v2\/product_brand?post=14273"},{"taxonomy":"product_cat","embeddable":true,"href":"https:\/\/addinol.ee\/ru\/wp-json\/wp\/v2\/product_cat?post=14273"},{"taxonomy":"product_tag","embeddable":true,"href":"https:\/\/addinol.ee\/ru\/wp-json\/wp\/v2\/product_tag?post=14273"},{"taxonomy":"inventory","embeddable":true,"href":"https:\/\/addinol.ee\/ru\/wp-json\/wp\/v2\/inventory?post=14273"}],"curies":[{"name":"wp","href":"https:\/\/api.w.org\/{rel}","templated":true}]}}