{"id":13581,"date":"2025-05-22T09:25:51","date_gmt":"2025-05-22T06:25:51","guid":{"rendered":"https:\/\/addinol.ee\/toode\/motornoe-maslo-superior-030\/"},"modified":"2026-03-23T09:27:12","modified_gmt":"2026-03-23T07:27:12","slug":"motornoe-maslo-superior-030","status":"publish","type":"product","link":"https:\/\/addinol.ee\/ru\/produkt\/motornoe-maslo-superior-030\/","title":{"rendered":"\u041c\u043e\u0442\u043e\u0440\u043d\u043e\u0435 \u043c\u0430\u0441\u043b\u043e Superior 030"},"content":{"rendered":"<p><strong>\u041e\u0411\u041b\u0410\u0421\u0422\u0418 \u041f\u0420\u0418\u041c\u0415\u041d\u0415\u041d\u0418\u042f<\/strong><br \/>\n\u2022\u00a0\u041c\u043e\u0442\u043e\u0440\u043d\u043e\u0435 \u043c\u0430\u0441\u043b\u043e Superior 030 \u043f\u043e\u0434\u0445\u043e\u0434\u0438\u0442 \u0434\u043b\u044f \u0446\u0435\u043b\u043e\u0433\u043e \u0440\u044f\u0434\u0430 \u0441\u043e\u0432\u0440\u0435\u043c\u0435\u043d\u043d\u044b\u0445 \u043b\u0435\u0433\u043a\u043e\u0432\u044b\u0445 \u0430\u0432\u0442\u043e\u043c\u043e\u0431\u0438\u043b\u0435\u0439 \u0438 \u043c\u0438\u043a\u0440\u043e\u0430\u0432\u0442\u043e\u0431\u0443\u0441\u043e\u0432 \u0441 \u0431\u0435\u043d\u0437\u0438\u043d\u043e\u0432\u044b\u043c\u0438 \u0438\u043b\u0438<br \/>\n\u0434\u0438\u0437\u0435\u043b\u044c\u043d\u044b\u043c\u0438 \u0434\u0432\u0438\u0433\u0430\u0442\u0435\u043b\u044f\u043c\u0438 \u043f\u043e\u0432\u044b\u0448\u0435\u043d\u043d\u043e\u0439 \u043c\u043e\u0449\u043d\u043e\u0441\u0442\u0438.<br \/>\n\u2022\u00a0\u041f\u0440\u043e\u0434\u0443\u043a\u0442 \u043f\u0440\u0438\u0433\u043e\u0434\u0435\u043d \u0434\u043b\u044f \u0442\u0443\u0440\u0431\u043e\u0434\u0432\u0438\u0433\u0430\u0442\u0435\u043b\u0435\u0439 \u0441 \u043d\u0430\u0434\u0434\u0443\u0432\u043e\u043c \u0438 \u0431\u0435\u0437 \u043d\u0435\u0433\u043e, \u0430 \u0442\u0430\u043a\u0436\u0435 \u0434\u043b\u044f \u0434\u0432\u0438\u0433\u0430\u0442\u0435\u043b\u0435\u0439 \u0441 \u0431\u043e\u043b\u044c\u0448\u0438\u043c \u043a\u043e\u043b\u0438\u0447\u0435\u0441\u0442\u0432\u043e\u043c \u043a\u043b\u0430\u043f\u0430\u043d\u043e\u0432, \u043a\u0430\u0442\u0430\u043b\u0438\u0437\u0430\u0442\u043e\u0440\u043e\u0432 \u0438 \u0442\u043e\u043f\u043b\u0438\u0432\u043d\u044b\u0445 \u0441\u0438\u0441\u0442\u0435\u043c \u0432\u044b\u0441\u043e\u043a\u043e\u0433\u043e \u0434\u0430\u0432\u043b\u0435\u043d\u0438\u044f<br \/>\n(Common Rail).<br \/>\n\u2022 \u041e\u0441\u043e\u0431\u0435\u043d\u043d\u043e \u0440\u0435\u043a\u043e\u043c\u0435\u043d\u0434\u0443\u0435\u0442\u0441\u044f \u0434\u043b\u044f \u0445\u043e\u043b\u043e\u0434\u043d\u043e\u0433\u043e \u043a\u043b\u0438\u043c\u0430\u0442\u0430.<\/p>\n<p><strong> \u0421\u041f\u0415\u0426\u0418\u0424\u0418\u041a\u0410\u0426\u0418\u0418 \/ \u041b\u0418\u0426\u0415\u041d\u0417\u0418\u0418:<\/strong><br \/>\n\u0412\u044b\u043f\u043e\u043b\u043d\u044f\u0435\u0442 \u0438 \u043f\u0435\u0440\u0435\u0432\u044b\u043f\u043e\u043b\u043d\u044f\u0435\u0442 \u043c\u0435\u0436\u0434\u0443\u043d\u0430\u0440\u043e\u0434\u043d\u044b\u0435 \u0441\u043f\u0435\u0446\u0438\u0444\u0438\u043a\u0430\u0446\u0438\u0438:<br \/>\n\u2022 ACEA A3\/B4<br \/>\n\u2022\u00a0API SN\/CF<\/p>\n<p>\u041c\u043e\u0442\u043e\u0440\u043d\u043e\u0435 \u043c\u0430\u0441\u043b\u043e Superior 030 \u0432\u044b\u043f\u043e\u043b\u043d\u044f\u0435\u0442 \u0442\u0440\u0435\u0431\u043e\u0432\u0430\u043d\u0438\u044f:<br \/>\n\u2022 MB 229.3<br \/>\n\u2022 MB 229.5<br \/>\n\u2022 VW 502 00 \/ 505 00<br \/>\n\u2022 Renault RN0700\/RN0710<br \/>\n\u2022 Volvo VCC 95200356<\/p>\n<p><strong>\u0421\u0412\u041e\u0419\u0421\u0422\u0412\u0410:<\/strong><br \/>\n\u2022 \u041e\u0442\u043b\u0438\u0447\u043d\u044b\u0435 \u0441\u0432\u043e\u0439\u0441\u0442\u0432\u0430 \u043f\u0440\u0438 \u0445\u043e\u043b\u043e\u0434\u043d\u043e\u043c \u043f\u0443\u0441\u043a\u0435<br \/>\n\u2022\u00a0\u0421\u0432\u043e\u0439\u0441\u0442\u0432\u0430 \u00ab\u043b\u0435\u0433\u043a\u043e\u0433\u043e \u0445\u043e\u0434\u0430\u00bb<br \/>\n\u2022\u00a0\u0418\u043d\u043d\u043e\u0432\u0430\u0446\u0438\u043e\u043d\u043d\u044b\u0435 \u043f\u0440\u0438\u0441\u0430\u0434\u043a\u0438<br \/>\n\u2022\u00a0\u0412\u0435\u043b\u0438\u043a\u043e\u043b\u0435\u043f\u043d\u044b\u0435 \u043f\u0440\u043e\u0442\u0438\u0432\u043e\u0438\u0437\u043d\u043e\u0441\u043d\u044b\u0435 \u0441\u0432\u043e\u0439\u0441\u0442\u0432\u0430<br \/>\n\u2022\u00a0\u0412\u0435\u043b\u0438\u043a\u043e\u043b\u0435\u043f\u043d\u0430\u044f \u0447\u0438\u0441\u0442\u043e\u0442\u0430 \u0434\u0432\u0438\u0433\u0430\u0442\u0435\u043b\u044f<br \/>\n\u2022\u00a0\u0423\u0441\u0442\u043e\u0439\u0447\u0438\u0432\u043e\u0441\u0442\u044c \u043a \u0441\u0442\u0430\u0440\u0435\u043d\u0438\u044e<br \/>\n\u2022\u00a0\u041e\u0447\u0435\u043d\u044c \u043f\u043e\u043b\u043e\u0433\u0430\u044f \u0432\u044f\u0437\u043a\u043e\u0441\u0442\u043d\u043e-\u0442\u0435\u043c\u043f\u0435\u0440\u0430\u0442\u0443\u0440\u043d\u0430\u044f \u043a\u0440\u0438\u0432\u0430\u044f<\/p>\n<p><strong>\u041f\u0420\u0415\u0418\u041c\u0423\u0429\u0415\u0421\u0422\u0412\u0410 \u0414\u041b\u042f \u041f\u041e\u0422\u0420\u0415\u0411\u0418\u0422\u0415\u041b\u042f:<\/strong><br \/>\n\u2022 \u041d\u0435\u0437\u043d\u0430\u0447\u0438\u0442\u0435\u043b\u044c\u043d\u044b\u0439 \u0438\u0437\u043d\u043e\u0441 \u043f\u0440\u0438 \u0445\u043e\u043b\u043e\u0434\u043d\u043e\u043c \u0441\u0442\u0430\u0440\u0442\u0435 \u0431\u043b\u0430\u0433\u043e\u0434\u0430\u0440\u044f \u043f\u0440\u0435\u0432\u043e\u0441\u0445\u043e\u0434\u043d\u043e\u0439 \u0442\u0435\u043a\u0443\u0447\u0435\u0441\u0442\u0438 \u043f\u0440\u0438 \u043d\u0438\u0437\u043a\u0438\u0445 \u0442\u0435\u043c\u043f\u0435\u0440\u0430\u0442\u0443\u0440\u0430\u0445<br \/>\n\u2022\u00a0\u041e\u0442\u043b\u0438\u0447\u043d\u044b\u0439 \u043f\u043e\u0442\u0435\u043d\u0446\u0438\u0430\u043b \u044d\u043a\u043e\u043d\u043e\u043c\u0438\u0438 \u0442\u043e\u043f\u043b\u0438\u0432\u0430<br \/>\n\u2022\u00a0\u041c\u0430\u043a\u0441\u0438\u043c\u0430\u043b\u044c\u043d\u044b\u0435 \u044d\u043a\u0441\u043f\u043b\u0443\u0430\u0442\u0430\u0446\u0438\u043e\u043d\u043d\u044b\u0435 \u0445\u0430\u0440\u0430\u043a\u0442\u0435\u0440\u0438\u0441\u0442\u0438\u043a\u0438 \u0432 \u0441\u0435\u0433\u043c\u0435\u043d\u0442\u0435 \u0432\u044b\u0441\u043e\u043a\u043e\u0437\u043e\u043b\u044c\u043d\u044b\u0445 \u043c\u0430\u0441\u0435\u043b high SAPS<br \/>\n\u2022\u00a0\u041c\u0430\u043a\u0441\u0438\u043c\u0430\u043b\u044c\u043d\u0430\u044f \u0437\u0430\u0449\u0438\u0442\u0430 \u0438 \u0434\u043b\u0438\u0442\u0435\u043b\u044c\u043d\u044b\u0439 \u0441\u0440\u043e\u043a \u0441\u043b\u0443\u0436\u0431\u044b \u0434\u0432\u0438\u0433\u0430\u0442\u0435\u043b\u044f<br \/>\n\u2022\u00a0\u041e\u0442\u043b\u0438\u0447\u043d\u044b\u0435 \u043c\u043e\u044e\u0449\u0438\u0435 \u0441\u0432\u043e\u0439\u0441\u0442\u0432\u0430 \u0433\u0430\u0440\u0430\u043d\u0442\u0438\u0440\u0443\u044e\u0442 \u0434\u043b\u0438\u0442\u0435\u043b\u044c\u043d\u044b\u0439 \u0441\u0440\u043e\u043a \u0441\u043b\u0443\u0436\u0431\u044b \u0432\u0441\u0435 \u0441\u043c\u0430\u0437\u044b\u0432\u0430\u0435\u043c\u044b\u0445 \u043a\u043e\u043c\u043f\u043e\u043d\u0435\u043d\u0442\u043e\u0432<br \/>\n\u2022\u00a0\u041c\u0430\u043a\u0441\u0438\u043c\u0430\u043b\u044c\u043d\u044b\u0435 \u0438\u043d\u0442\u0435\u0440\u0432\u0430\u043b\u044b \u0437\u0430\u043c\u0435\u043d\u044b \u043c\u0430\u0441\u043b\u0430 \u0434\u0430\u0436\u0435 \u043f\u0440\u0438 \u0438\u0441\u043f\u043e\u043b\u044c\u0437\u043e\u0432\u0430\u043d\u0438\u0438 \u0433\u0438\u0431\u043a\u043e\u0439 \u0441\u0438\u0441\u0442\u0435\u043c\u044b \u0442\u0435\u0445\u043d\u0438\u0447\u0435\u0441\u043a\u043e\u0433\u043e \u043e\u0431\u0441\u043b\u0443\u0436\u0438\u0432\u0430\u043d\u0438\u044f<br \/>\n\u2022\u00a0\u041f\u0440\u0435\u0432\u043e\u0441\u0445\u043e\u0434\u043d\u0430\u044f \u0441\u043c\u0430\u0437\u043a\u0430 \u043f\u0440\u0438 \u043b\u044e\u0431\u044b\u0445 \u0442\u0435\u043c\u043f\u0435\u0440\u0430\u0442\u0443\u0440\u0430\u0445 \u044d\u043a\u0441\u043f\u043b\u0443\u0430\u0442\u0430\u0446\u0438\u0438<\/p>\n","protected":false},"excerpt":{"rendered":"<p>\u041c\u043e\u0442\u043e\u0440\u043d\u043e\u0435 \u043c\u0430\u0441\u043b\u043e ADDINOL Superior 030 &#8212; \u044d\u0442\u043e \u0432\u044b\u0441\u043e\u043a\u043e\u043c\u043e\u0449\u043d\u043e\u0435 \u043c\u043e\u0442\u043e\u0440\u043d\u043e\u0435 \u043c\u0430\u0441\u043b\u043e \u043a\u043b\u0430\u0441\u0441\u0430 SAE 0W-30 \u0441 \u0442\u043e\u043f\u043b\u0438\u0432\u043e\u0441\u0431\u0435\u0440\u0435\u0433\u0430\u044e\u0449\u0438\u043c\u0438 \u0441\u0432\u043e\u0439\u0441\u0442\u0432\u0430\u043c\u0438. \u041e\u043f\u0442\u0438\u043c\u0430\u043b\u044c\u043d\u043e\u0435 \u0441\u043e\u0447\u0435\u0442\u0430\u043d\u0438\u0435 \u0431\u0430\u0437\u043e\u0432\u044b\u0445 \u043c\u0430\u0441\u0435\u043b, \u0438\u0437\u0433\u043e\u0442\u043e\u0432\u043b\u0435\u043d\u043d\u044b\u0445 \u043f\u043e \u0441\u0430\u043c\u043e\u0439 \u0441\u043e\u0432\u0440\u0435\u043c\u0435\u043d\u043d\u043e\u0439 \u0442\u0435\u0445\u043d\u043e\u043b\u043e\u0433\u0438\u0438 \u0441\u0438\u043d\u0442\u0435\u0437\u0430, \u0438 \u0438\u043d\u043d\u043e\u0432\u0430\u0446\u0438\u043e\u043d\u043d\u044b\u0445 \u043f\u0440\u0438\u0441\u0430\u0434\u043e\u043a \u0433\u0430\u0440\u0430\u043d\u0442\u0438\u0440\u0443\u0435\u0442 \u0438\u0441\u043a\u043b\u044e\u0447\u0438\u0442\u0435\u043b\u044c\u043d\u0443\u044e \u043c\u043e\u0449\u043d\u043e\u0441\u0442\u044c \u0438 \u043e\u0431\u0435\u0441\u043f\u0435\u0447\u0438\u0432\u0430\u0435\u0442 \u043e\u0442\u043b\u0438\u0447\u043d\u044b\u0435 \u0441\u0432\u043e\u0439\u0441\u0442\u0432\u0430 \u043f\u0440\u0438 \u0445\u043e\u043b\u043e\u0434\u043d\u043e\u043c \u043f\u0443\u0441\u043a\u0435 \u0432 \u0443\u0441\u043b\u043e\u0432\u0438\u044f\u0445 \u043d\u0438\u0437\u043a\u0438\u0445 \u0442\u0435\u043c\u043f\u0435\u0440\u0430\u0442\u0443\u0440.<\/p>\n","protected":false},"featured_media":8118,"template":"","meta":{"_acf_changed":false},"viscosity":[745],"product_brand":[],"product_cat":[886,887,872],"product_tag":[],"inventory":[],"class_list":{"0":"post-13581","1":"product","2":"type-product","3":"status-publish","4":"has-post-thumbnail","6":"viscosity-ow-30","7":"product_cat-motornye-masla","8":"product_cat-dlya-legkovyh-avtomobilej","9":"product_cat-smazochnye-materialy-dlya-avtotransporta","10":"pa_vali-pakend-superior-030-4l-ru","11":"pa_vali-pakend-1-l","12":"pa_vali-pakend-4-l-ru","13":"pa_vali-pakend-superior-030-1l-ru","15":"first","16":"instock","17":"taxable","18":"shipping-taxable","19":"purchasable","20":"product-type-variable"},"acf":[],"yoast_head":"<!-- This site is optimized with the Yoast SEO plugin v27.3 - https:\/\/yoast.com\/product\/yoast-seo-wordpress\/ -->\n<title>\u041c\u043e\u0442\u043e\u0440\u043d\u043e\u0435 \u043c\u0430\u0441\u043b\u043e Superior 030 - ADDINOL<\/title>\n<meta name=\"description\" content=\"\u041c\u043e\u0442\u043e\u0440\u043d\u043e\u0435 \u043c\u0430\u0441\u043b\u043e Superior 030 - \u043f\u043e\u043b\u043d\u043e\u0441\u0442\u044c\u044e \u0441\u0438\u043d\u0442\u0435\u0442\u0438\u0447\u0435\u0441\u043a\u043e\u0435, \u0432\u044b\u0441\u043e\u043a\u043e\u0437\u043e\u043b\u044c\u043d\u043e\u0435 (high SAPS).\" \/>\n<meta name=\"robots\" content=\"index, follow, max-snippet:-1, max-image-preview:large, max-video-preview:-1\" \/>\n<link rel=\"canonical\" href=\"https:\/\/addinol.ee\/ru\/produkt\/motornoe-maslo-superior-030\/\" \/>\n<meta property=\"og:locale\" content=\"ru_RU\" \/>\n<meta property=\"og:type\" content=\"article\" \/>\n<meta property=\"og:title\" content=\"\u041c\u043e\u0442\u043e\u0440\u043d\u043e\u0435 \u043c\u0430\u0441\u043b\u043e Superior 030 - ADDINOL\" \/>\n<meta property=\"og:description\" content=\"\u041c\u043e\u0442\u043e\u0440\u043d\u043e\u0435 \u043c\u0430\u0441\u043b\u043e Superior 030 - \u043f\u043e\u043b\u043d\u043e\u0441\u0442\u044c\u044e \u0441\u0438\u043d\u0442\u0435\u0442\u0438\u0447\u0435\u0441\u043a\u043e\u0435, \u0432\u044b\u0441\u043e\u043a\u043e\u0437\u043e\u043b\u044c\u043d\u043e\u0435 (high SAPS).\" \/>\n<meta property=\"og:url\" content=\"https:\/\/addinol.ee\/ru\/produkt\/motornoe-maslo-superior-030\/\" \/>\n<meta property=\"og:site_name\" content=\"ADDINOL\" \/>\n<meta property=\"article:publisher\" content=\"https:\/\/www.facebook.com\/ADDINOLEesti\/\" \/>\n<meta property=\"article:modified_time\" content=\"2026-03-23T07:27:12+00:00\" \/>\n<meta property=\"og:image\" content=\"https:\/\/addinol.ee\/wp-content\/uploads\/2025\/05\/mootorioli-superior-030-1l.jpg\" \/>\n\t<meta property=\"og:image:width\" content=\"418\" \/>\n\t<meta property=\"og:image:height\" content=\"800\" \/>\n\t<meta property=\"og:image:type\" content=\"image\/jpeg\" \/>\n<meta name=\"twitter:card\" content=\"summary_large_image\" \/>\n<meta name=\"twitter:label1\" content=\"\u041f\u0440\u0438\u043c\u0435\u0440\u043d\u043e\u0435 \u0432\u0440\u0435\u043c\u044f \u0434\u043b\u044f \u0447\u0442\u0435\u043d\u0438\u044f\" \/>\n\t<meta name=\"twitter:data1\" content=\"2 \u043c\u0438\u043d\u0443\u0442\u044b\" \/>\n<script type=\"application\/ld+json\" class=\"yoast-schema-graph\">{\"@context\":\"https:\\\/\\\/schema.org\",\"@graph\":[{\"@type\":\"WebPage\",\"@id\":\"https:\\\/\\\/addinol.ee\\\/ru\\\/produkt\\\/motornoe-maslo-superior-030\\\/\",\"url\":\"https:\\\/\\\/addinol.ee\\\/ru\\\/produkt\\\/motornoe-maslo-superior-030\\\/\",\"name\":\"\u041c\u043e\u0442\u043e\u0440\u043d\u043e\u0435 \u043c\u0430\u0441\u043b\u043e Superior 030 - ADDINOL\",\"isPartOf\":{\"@id\":\"https:\\\/\\\/addinol.ee\\\/ru\\\/#website\"},\"primaryImageOfPage\":{\"@id\":\"https:\\\/\\\/addinol.ee\\\/ru\\\/produkt\\\/motornoe-maslo-superior-030\\\/#primaryimage\"},\"image\":{\"@id\":\"https:\\\/\\\/addinol.ee\\\/ru\\\/produkt\\\/motornoe-maslo-superior-030\\\/#primaryimage\"},\"thumbnailUrl\":\"https:\\\/\\\/addinol.ee\\\/wp-content\\\/uploads\\\/2025\\\/05\\\/mootorioli-superior-030-1l.jpg\",\"datePublished\":\"2025-05-22T06:25:51+00:00\",\"dateModified\":\"2026-03-23T07:27:12+00:00\",\"description\":\"\u041c\u043e\u0442\u043e\u0440\u043d\u043e\u0435 \u043c\u0430\u0441\u043b\u043e Superior 030 - \u043f\u043e\u043b\u043d\u043e\u0441\u0442\u044c\u044e \u0441\u0438\u043d\u0442\u0435\u0442\u0438\u0447\u0435\u0441\u043a\u043e\u0435, \u0432\u044b\u0441\u043e\u043a\u043e\u0437\u043e\u043b\u044c\u043d\u043e\u0435 (high SAPS).\",\"breadcrumb\":{\"@id\":\"https:\\\/\\\/addinol.ee\\\/ru\\\/produkt\\\/motornoe-maslo-superior-030\\\/#breadcrumb\"},\"inLanguage\":\"ru-RU\",\"potentialAction\":[{\"@type\":\"ReadAction\",\"target\":[\"https:\\\/\\\/addinol.ee\\\/ru\\\/produkt\\\/motornoe-maslo-superior-030\\\/\"]}]},{\"@type\":\"ImageObject\",\"inLanguage\":\"ru-RU\",\"@id\":\"https:\\\/\\\/addinol.ee\\\/ru\\\/produkt\\\/motornoe-maslo-superior-030\\\/#primaryimage\",\"url\":\"https:\\\/\\\/addinol.ee\\\/wp-content\\\/uploads\\\/2025\\\/05\\\/mootorioli-superior-030-1l.jpg\",\"contentUrl\":\"https:\\\/\\\/addinol.ee\\\/wp-content\\\/uploads\\\/2025\\\/05\\\/mootorioli-superior-030-1l.jpg\",\"width\":418,\"height\":800},{\"@type\":\"BreadcrumbList\",\"@id\":\"https:\\\/\\\/addinol.ee\\\/ru\\\/produkt\\\/motornoe-maslo-superior-030\\\/#breadcrumb\",\"itemListElement\":[{\"@type\":\"ListItem\",\"position\":1,\"name\":\"ADDINOL\",\"item\":\"https:\\\/\\\/addinol.ee\\\/ru\\\/\"},{\"@type\":\"ListItem\",\"position\":2,\"name\":\"\u041e\u043d\u043b\u0430\u0439\u043d-\u043f\u0440\u043e\u0434\u0430\u0436\u0430\",\"item\":\"https:\\\/\\\/addinol.ee\\\/ru\\\/onlajn-prodazha\\\/\"},{\"@type\":\"ListItem\",\"position\":3,\"name\":\"\u041c\u043e\u0442\u043e\u0440\u043d\u043e\u0435 \u043c\u0430\u0441\u043b\u043e Superior 030\"}]},{\"@type\":\"WebSite\",\"@id\":\"https:\\\/\\\/addinol.ee\\\/ru\\\/#website\",\"url\":\"https:\\\/\\\/addinol.ee\\\/ru\\\/\",\"name\":\"ADDINOL\",\"description\":\"Mootori\u00f5lid ja m\u00e4\u00e4\u00e4rdeained igaks kasutusjuhuks\",\"publisher\":{\"@id\":\"https:\\\/\\\/addinol.ee\\\/ru\\\/#organization\"},\"potentialAction\":[{\"@type\":\"SearchAction\",\"target\":{\"@type\":\"EntryPoint\",\"urlTemplate\":\"https:\\\/\\\/addinol.ee\\\/ru\\\/?s={search_term_string}\"},\"query-input\":{\"@type\":\"PropertyValueSpecification\",\"valueRequired\":true,\"valueName\":\"search_term_string\"}}],\"inLanguage\":\"ru-RU\"},{\"@type\":\"Organization\",\"@id\":\"https:\\\/\\\/addinol.ee\\\/ru\\\/#organization\",\"name\":\"ADDINOL\",\"url\":\"https:\\\/\\\/addinol.ee\\\/ru\\\/\",\"logo\":{\"@type\":\"ImageObject\",\"inLanguage\":\"ru-RU\",\"@id\":\"https:\\\/\\\/addinol.ee\\\/ru\\\/#\\\/schema\\\/logo\\\/image\\\/\",\"url\":\"https:\\\/\\\/addinol.ee\\\/wp-content\\\/uploads\\\/2024\\\/10\\\/1200px-ADDINOL-Logo.webp\",\"contentUrl\":\"https:\\\/\\\/addinol.ee\\\/wp-content\\\/uploads\\\/2024\\\/10\\\/1200px-ADDINOL-Logo.webp\",\"width\":1200,\"height\":431,\"caption\":\"ADDINOL\"},\"image\":{\"@id\":\"https:\\\/\\\/addinol.ee\\\/ru\\\/#\\\/schema\\\/logo\\\/image\\\/\"},\"sameAs\":[\"https:\\\/\\\/www.facebook.com\\\/ADDINOLEesti\\\/\",\"https:\\\/\\\/www.instagram.com\\\/addinol_eesti\\\/\"]}]}<\/script>\n<!-- \/ Yoast SEO plugin. -->","yoast_head_json":{"title":"\u041c\u043e\u0442\u043e\u0440\u043d\u043e\u0435 \u043c\u0430\u0441\u043b\u043e Superior 030 - ADDINOL","description":"\u041c\u043e\u0442\u043e\u0440\u043d\u043e\u0435 \u043c\u0430\u0441\u043b\u043e Superior 030 - \u043f\u043e\u043b\u043d\u043e\u0441\u0442\u044c\u044e \u0441\u0438\u043d\u0442\u0435\u0442\u0438\u0447\u0435\u0441\u043a\u043e\u0435, \u0432\u044b\u0441\u043e\u043a\u043e\u0437\u043e\u043b\u044c\u043d\u043e\u0435 (high SAPS).","robots":{"index":"index","follow":"follow","max-snippet":"max-snippet:-1","max-image-preview":"max-image-preview:large","max-video-preview":"max-video-preview:-1"},"canonical":"https:\/\/addinol.ee\/ru\/produkt\/motornoe-maslo-superior-030\/","og_locale":"ru_RU","og_type":"article","og_title":"\u041c\u043e\u0442\u043e\u0440\u043d\u043e\u0435 \u043c\u0430\u0441\u043b\u043e Superior 030 - ADDINOL","og_description":"\u041c\u043e\u0442\u043e\u0440\u043d\u043e\u0435 \u043c\u0430\u0441\u043b\u043e Superior 030 - \u043f\u043e\u043b\u043d\u043e\u0441\u0442\u044c\u044e \u0441\u0438\u043d\u0442\u0435\u0442\u0438\u0447\u0435\u0441\u043a\u043e\u0435, \u0432\u044b\u0441\u043e\u043a\u043e\u0437\u043e\u043b\u044c\u043d\u043e\u0435 (high SAPS).","og_url":"https:\/\/addinol.ee\/ru\/produkt\/motornoe-maslo-superior-030\/","og_site_name":"ADDINOL","article_publisher":"https:\/\/www.facebook.com\/ADDINOLEesti\/","article_modified_time":"2026-03-23T07:27:12+00:00","og_image":[{"width":418,"height":800,"url":"https:\/\/addinol.ee\/wp-content\/uploads\/2025\/05\/mootorioli-superior-030-1l.jpg","type":"image\/jpeg"}],"twitter_card":"summary_large_image","twitter_misc":{"\u041f\u0440\u0438\u043c\u0435\u0440\u043d\u043e\u0435 \u0432\u0440\u0435\u043c\u044f \u0434\u043b\u044f \u0447\u0442\u0435\u043d\u0438\u044f":"2 \u043c\u0438\u043d\u0443\u0442\u044b"},"schema":{"@context":"https:\/\/schema.org","@graph":[{"@type":"WebPage","@id":"https:\/\/addinol.ee\/ru\/produkt\/motornoe-maslo-superior-030\/","url":"https:\/\/addinol.ee\/ru\/produkt\/motornoe-maslo-superior-030\/","name":"\u041c\u043e\u0442\u043e\u0440\u043d\u043e\u0435 \u043c\u0430\u0441\u043b\u043e Superior 030 - ADDINOL","isPartOf":{"@id":"https:\/\/addinol.ee\/ru\/#website"},"primaryImageOfPage":{"@id":"https:\/\/addinol.ee\/ru\/produkt\/motornoe-maslo-superior-030\/#primaryimage"},"image":{"@id":"https:\/\/addinol.ee\/ru\/produkt\/motornoe-maslo-superior-030\/#primaryimage"},"thumbnailUrl":"https:\/\/addinol.ee\/wp-content\/uploads\/2025\/05\/mootorioli-superior-030-1l.jpg","datePublished":"2025-05-22T06:25:51+00:00","dateModified":"2026-03-23T07:27:12+00:00","description":"\u041c\u043e\u0442\u043e\u0440\u043d\u043e\u0435 \u043c\u0430\u0441\u043b\u043e Superior 030 - \u043f\u043e\u043b\u043d\u043e\u0441\u0442\u044c\u044e \u0441\u0438\u043d\u0442\u0435\u0442\u0438\u0447\u0435\u0441\u043a\u043e\u0435, \u0432\u044b\u0441\u043e\u043a\u043e\u0437\u043e\u043b\u044c\u043d\u043e\u0435 (high SAPS).","breadcrumb":{"@id":"https:\/\/addinol.ee\/ru\/produkt\/motornoe-maslo-superior-030\/#breadcrumb"},"inLanguage":"ru-RU","potentialAction":[{"@type":"ReadAction","target":["https:\/\/addinol.ee\/ru\/produkt\/motornoe-maslo-superior-030\/"]}]},{"@type":"ImageObject","inLanguage":"ru-RU","@id":"https:\/\/addinol.ee\/ru\/produkt\/motornoe-maslo-superior-030\/#primaryimage","url":"https:\/\/addinol.ee\/wp-content\/uploads\/2025\/05\/mootorioli-superior-030-1l.jpg","contentUrl":"https:\/\/addinol.ee\/wp-content\/uploads\/2025\/05\/mootorioli-superior-030-1l.jpg","width":418,"height":800},{"@type":"BreadcrumbList","@id":"https:\/\/addinol.ee\/ru\/produkt\/motornoe-maslo-superior-030\/#breadcrumb","itemListElement":[{"@type":"ListItem","position":1,"name":"ADDINOL","item":"https:\/\/addinol.ee\/ru\/"},{"@type":"ListItem","position":2,"name":"\u041e\u043d\u043b\u0430\u0439\u043d-\u043f\u0440\u043e\u0434\u0430\u0436\u0430","item":"https:\/\/addinol.ee\/ru\/onlajn-prodazha\/"},{"@type":"ListItem","position":3,"name":"\u041c\u043e\u0442\u043e\u0440\u043d\u043e\u0435 \u043c\u0430\u0441\u043b\u043e Superior 030"}]},{"@type":"WebSite","@id":"https:\/\/addinol.ee\/ru\/#website","url":"https:\/\/addinol.ee\/ru\/","name":"ADDINOL","description":"Mootori\u00f5lid ja m\u00e4\u00e4\u00e4rdeained igaks kasutusjuhuks","publisher":{"@id":"https:\/\/addinol.ee\/ru\/#organization"},"potentialAction":[{"@type":"SearchAction","target":{"@type":"EntryPoint","urlTemplate":"https:\/\/addinol.ee\/ru\/?s={search_term_string}"},"query-input":{"@type":"PropertyValueSpecification","valueRequired":true,"valueName":"search_term_string"}}],"inLanguage":"ru-RU"},{"@type":"Organization","@id":"https:\/\/addinol.ee\/ru\/#organization","name":"ADDINOL","url":"https:\/\/addinol.ee\/ru\/","logo":{"@type":"ImageObject","inLanguage":"ru-RU","@id":"https:\/\/addinol.ee\/ru\/#\/schema\/logo\/image\/","url":"https:\/\/addinol.ee\/wp-content\/uploads\/2024\/10\/1200px-ADDINOL-Logo.webp","contentUrl":"https:\/\/addinol.ee\/wp-content\/uploads\/2024\/10\/1200px-ADDINOL-Logo.webp","width":1200,"height":431,"caption":"ADDINOL"},"image":{"@id":"https:\/\/addinol.ee\/ru\/#\/schema\/logo\/image\/"},"sameAs":["https:\/\/www.facebook.com\/ADDINOLEesti\/","https:\/\/www.instagram.com\/addinol_eesti\/"]}]}},"_links":{"self":[{"href":"https:\/\/addinol.ee\/ru\/wp-json\/wp\/v2\/product\/13581","targetHints":{"allow":["GET"]}}],"collection":[{"href":"https:\/\/addinol.ee\/ru\/wp-json\/wp\/v2\/product"}],"about":[{"href":"https:\/\/addinol.ee\/ru\/wp-json\/wp\/v2\/types\/product"}],"wp:featuredmedia":[{"embeddable":true,"href":"https:\/\/addinol.ee\/ru\/wp-json\/wp\/v2\/media\/8118"}],"wp:attachment":[{"href":"https:\/\/addinol.ee\/ru\/wp-json\/wp\/v2\/media?parent=13581"}],"wp:term":[{"taxonomy":"viscosity","embeddable":true,"href":"https:\/\/addinol.ee\/ru\/wp-json\/wp\/v2\/viscosity?post=13581"},{"taxonomy":"product_brand","embeddable":true,"href":"https:\/\/addinol.ee\/ru\/wp-json\/wp\/v2\/product_brand?post=13581"},{"taxonomy":"product_cat","embeddable":true,"href":"https:\/\/addinol.ee\/ru\/wp-json\/wp\/v2\/product_cat?post=13581"},{"taxonomy":"product_tag","embeddable":true,"href":"https:\/\/addinol.ee\/ru\/wp-json\/wp\/v2\/product_tag?post=13581"},{"taxonomy":"inventory","embeddable":true,"href":"https:\/\/addinol.ee\/ru\/wp-json\/wp\/v2\/inventory?post=13581"}],"curies":[{"name":"wp","href":"https:\/\/api.w.org\/{rel}","templated":true}]}}