{"id":7668,"date":"2024-12-23T11:37:04","date_gmt":"2024-12-23T09:37:04","guid":{"rendered":"https:\/\/addinol.ee\/impressum\/"},"modified":"2025-05-06T14:54:25","modified_gmt":"2025-05-06T11:54:25","slug":"impressum","status":"publish","type":"page","link":"https:\/\/addinol.ee\/ru\/impressum\/","title":{"rendered":"Impressum"},"content":{"rendered":"\n<h2 class=\"wp-block-heading\">\u0418\u0437\u0434\u0430\u0442\u0435\u043b\u044c<\/h2>\n\n\n\n<p>ADDINOL Lube Oil O\u00dc<br>Lao tee 1<br>61715 T\u00f5rvandi<br><strong>\u0422\u0435\u043b\u0435\u0444\u043e\u043d:<\/strong> +372 799 4024<br><strong>\u0424\u0430\u043a\u0441:<\/strong> +372 799 4027<br><strong>\u0415-\u043f\u043e\u0447\u0442\u0430:<\/strong> <a href=\"https:\/\/addinol.ee\/impressum\/info@addinol.ee\">info@addinol.ee<\/a><br><strong>\u0421\u0430\u0439\u0442:<\/strong> <a href=\"https:\/\/addinol.ee\/\">www.addinol.ee<\/a><\/p>\n\n\n\n<h2 class=\"wp-block-heading\">\u0413\u0435\u043d\u0435\u0440\u0430\u043b\u044c\u043d\u044b\u0439 \u0434\u0438\u0440\u0435\u043a\u0442\u043e\u0440<\/h2>\n\n\n\n<p>Georg Wildegger<\/p>\n\n\n\n<h2 class=\"wp-block-heading\">\u041d\u043e\u043c\u0435\u0440 \u043f\u043b\u0430\u0442\u0435\u043b\u044c\u0449\u0438\u043a\u0430 \u041d\u0414\u0421<\/h2>\n\n\n\n<p>EE100003826<\/p>\n\n\n\n<h2 class=\"wp-block-heading\">\u0418\u043b\u043b\u044e\u0441\u0442\u0440\u0430\u0446\u0438\u0438<\/h2>\n\n\n\n<p>Verlag B. Neddermeyer GmbH, Mineral\u00f6lwerk L\u00fctzkendorf, iStock.com\/totojang, iStock.com\/matejmo, iStock.com\/gajus, iStock.com\/rzoze19, iStock.com\/rawpixel, iStock.com\/baramee2554<\/p>\n\n\n\n<h2 class=\"wp-block-heading\">\u041f\u0440\u0430\u0432\u0430 \u043d\u0430 \u0442\u043e\u0432\u0430\u0440\u043d\u044b\u0435 \u0437\u043d\u0430\u043a\u0438<\/h2>\n\n\n\n<p>\u0412\u0441\u0435 \u0443\u043f\u043e\u043c\u044f\u043d\u0443\u0442\u044b\u0435 \u0442\u043e\u0432\u0430\u0440\u043d\u044b\u0435 \u0437\u043d\u0430\u043a\u0438, \u0438\u0441\u043f\u043e\u043b\u044c\u0437\u043e\u0432\u0430\u043d\u043d\u044b\u0435 \u043b\u043e\u0433\u043e\u0442\u0438\u043f\u044b \u0438 \u043e\u0444\u0438\u0446\u0438\u0430\u043b\u044c\u043d\u043e \u0437\u0430\u0440\u0435\u0433\u0438\u0441\u0442\u0440\u0438\u0440\u043e\u0432\u0430\u043d\u043d\u044b\u0435 \u0442\u043e\u0440\u0433\u043e\u0432\u044b\u0435 \u043c\u0430\u0440\u043a\u0438 \u044f\u0432\u043b\u044f\u044e\u0442\u0441\u044f \u0441\u043e\u0431\u0441\u0442\u0432\u0435\u043d\u043d\u043e\u0441\u0442\u044c\u044e \u0441\u043e\u043e\u0442\u0432\u0435\u0442\u0441\u0442\u0432\u0443\u044e\u0449\u0435\u0433\u043e \u043f\u0440\u0430\u0432\u043e\u043e\u0431\u043b\u0430\u0434\u0430\u0442\u0435\u043b\u044f \u0438 \u043f\u0440\u0438\u0437\u043d\u0430\u044e\u0442\u0441\u044f \u043d\u0430\u043c\u0438.<\/p>\n\n\n\n<h2 class=\"wp-block-heading\">\u0414\u0438\u0437\u0430\u0439\u043d<\/h2>\n\n\n\n<p>Centralgestalt GmbH<br>K\u00e4the-Kollwitz-Str. 1<br>04109 Leipzig<\/p>\n\n\n\n<p><strong>\u0422\u0435\u043b\u0435\u0444\u043e\u043d:<\/strong> +49 341 99994970<br><strong>\u0424\u0430\u043a\u0441:<\/strong> +49 341 339651662<br><strong>E-\u043f\u043e\u0447\u0442\u0430:<\/strong> <a href=\"mailto:info@centralgestalt.de\">info@centralgestalt.de<\/a><br><strong>\u0421\u0430\u0439\u0442:<\/strong> <a href=\"http:\/\/www.centralgestalt.de\/\">www.centralgestalt.de<\/a><\/p>\n","protected":false},"excerpt":{"rendered":"<p>\u0418\u0437\u0434\u0430\u0442\u0435\u043b\u044c ADDINOL Lube Oil O\u00dcLao tee 161715 T\u00f5rvandi\u0422\u0435\u043b\u0435\u0444\u043e\u043d: +372 799 4024\u0424\u0430\u043a\u0441: +372 799 4027\u0415-\u043f\u043e\u0447\u0442\u0430: info@addinol.ee\u0421\u0430\u0439\u0442: www.addinol.ee \u0413\u0435\u043d\u0435\u0440\u0430\u043b\u044c\u043d\u044b\u0439 \u0434\u0438\u0440\u0435\u043a\u0442\u043e\u0440 Georg Wildegger \u041d\u043e\u043c\u0435\u0440 \u043f\u043b\u0430\u0442\u0435\u043b\u044c\u0449\u0438\u043a\u0430 \u041d\u0414\u0421 EE100003826 \u0418\u043b\u043b\u044e\u0441\u0442\u0440\u0430\u0446\u0438\u0438 Verlag B. Neddermeyer GmbH, Mineral\u00f6lwerk L\u00fctzkendorf, iStock.com\/totojang, iStock.com\/matejmo, iStock.com\/gajus, iStock.com\/rzoze19, iStock.com\/rawpixel, iStock.com\/baramee2554 \u041f\u0440\u0430\u0432\u0430 \u043d\u0430 \u0442\u043e\u0432\u0430\u0440\u043d\u044b\u0435 \u0437\u043d\u0430\u043a\u0438 \u0412\u0441\u0435 \u0443\u043f\u043e\u043c\u044f\u043d\u0443\u0442\u044b\u0435 \u0442\u043e\u0432\u0430\u0440\u043d\u044b\u0435 \u0437\u043d\u0430\u043a\u0438, \u0438\u0441\u043f\u043e\u043b\u044c\u0437\u043e\u0432\u0430\u043d\u043d\u044b\u0435 \u043b\u043e\u0433\u043e\u0442\u0438\u043f\u044b \u0438 \u043e\u0444\u0438\u0446\u0438\u0430\u043b\u044c\u043d\u043e \u0437\u0430\u0440\u0435\u0433\u0438\u0441\u0442\u0440\u0438\u0440\u043e\u0432\u0430\u043d\u043d\u044b\u0435 \u0442\u043e\u0440\u0433\u043e\u0432\u044b\u0435 \u043c\u0430\u0440\u043a\u0438 \u044f\u0432\u043b\u044f\u044e\u0442\u0441\u044f \u0441\u043e\u0431\u0441\u0442\u0432\u0435\u043d\u043d\u043e\u0441\u0442\u044c\u044e \u0441\u043e\u043e\u0442\u0432\u0435\u0442\u0441\u0442\u0432\u0443\u044e\u0449\u0435\u0433\u043e [&hellip;]<\/p>\n","protected":false},"author":1,"featured_media":2796,"parent":0,"menu_order":0,"comment_status":"closed","ping_status":"closed","template":"templates\/normal-page.php","meta":{"_acf_changed":false,"footnotes":""},"class_list":["post-7668","page","type-page","status-publish","has-post-thumbnail","hentry"],"acf":[],"yoast_head":"<!-- This site is optimized with the Yoast SEO plugin v27.3 - https:\/\/yoast.com\/product\/yoast-seo-wordpress\/ -->\n<title>Impressum - ADDINOL<\/title>\n<meta name=\"description\" content=\"\u041f\u043e\u0441\u043c\u043e\u0442\u0440\u0438\u0442\u0435 \u0441\u0442\u0440\u0430\u043d\u0438\u0446\u0443 Imprint Addinol, \u0447\u0442\u043e\u0431\u044b \u043d\u0430\u0439\u0442\u0438 \u043a\u043e\u043d\u0442\u0430\u043a\u0442\u043d\u044b\u0435 \u0434\u0430\u043d\u043d\u044b\u0435 \u043a\u043e\u043c\u043f\u0430\u043d\u0438\u0438 \u0438 \u044e\u0440\u0438\u0434\u0438\u0447\u0435\u0441\u043a\u0443\u044e \u0438\u043d\u0444\u043e\u0440\u043c\u0430\u0446\u0438\u044e.\" \/>\n<meta name=\"robots\" content=\"index, follow, max-snippet:-1, max-image-preview:large, max-video-preview:-1\" \/>\n<link rel=\"canonical\" href=\"https:\/\/addinol.ee\/ru\/impressum\/\" \/>\n<meta property=\"og:locale\" content=\"ru_RU\" \/>\n<meta property=\"og:type\" content=\"article\" \/>\n<meta property=\"og:title\" content=\"Impressum - ADDINOL\" \/>\n<meta property=\"og:description\" content=\"\u041f\u043e\u0441\u043c\u043e\u0442\u0440\u0438\u0442\u0435 \u0441\u0442\u0440\u0430\u043d\u0438\u0446\u0443 Imprint Addinol, \u0447\u0442\u043e\u0431\u044b \u043d\u0430\u0439\u0442\u0438 \u043a\u043e\u043d\u0442\u0430\u043a\u0442\u043d\u044b\u0435 \u0434\u0430\u043d\u043d\u044b\u0435 \u043a\u043e\u043c\u043f\u0430\u043d\u0438\u0438 \u0438 \u044e\u0440\u0438\u0434\u0438\u0447\u0435\u0441\u043a\u0443\u044e \u0438\u043d\u0444\u043e\u0440\u043c\u0430\u0446\u0438\u044e.\" \/>\n<meta property=\"og:url\" content=\"https:\/\/addinol.ee\/ru\/impressum\/\" \/>\n<meta property=\"og:site_name\" content=\"ADDINOL\" \/>\n<meta property=\"article:publisher\" content=\"https:\/\/www.facebook.com\/ADDINOLEesti\/\" \/>\n<meta property=\"article:modified_time\" content=\"2025-05-06T11:54:25+00:00\" \/>\n<meta property=\"og:image\" content=\"https:\/\/addinol.ee\/wp-content\/uploads\/2024\/10\/Gebindebild-ADDINOL-Legends-Reihe.jpg.webp\" \/>\n\t<meta property=\"og:image:width\" content=\"700\" \/>\n\t<meta property=\"og:image:height\" content=\"382\" \/>\n\t<meta property=\"og:image:type\" content=\"image\/webp\" \/>\n<meta name=\"twitter:card\" content=\"summary_large_image\" \/>\n<meta name=\"twitter:label1\" content=\"\u041f\u0440\u0438\u043c\u0435\u0440\u043d\u043e\u0435 \u0432\u0440\u0435\u043c\u044f \u0434\u043b\u044f \u0447\u0442\u0435\u043d\u0438\u044f\" \/>\n\t<meta name=\"twitter:data1\" content=\"1 \u043c\u0438\u043d\u0443\u0442\u0430\" \/>\n<script type=\"application\/ld+json\" class=\"yoast-schema-graph\">{\"@context\":\"https:\\\/\\\/schema.org\",\"@graph\":[{\"@type\":\"WebPage\",\"@id\":\"https:\\\/\\\/addinol.ee\\\/ru\\\/impressum\\\/\",\"url\":\"https:\\\/\\\/addinol.ee\\\/ru\\\/impressum\\\/\",\"name\":\"Impressum - ADDINOL\",\"isPartOf\":{\"@id\":\"https:\\\/\\\/addinol.ee\\\/ru\\\/#website\"},\"primaryImageOfPage\":{\"@id\":\"https:\\\/\\\/addinol.ee\\\/ru\\\/impressum\\\/#primaryimage\"},\"image\":{\"@id\":\"https:\\\/\\\/addinol.ee\\\/ru\\\/impressum\\\/#primaryimage\"},\"thumbnailUrl\":\"https:\\\/\\\/addinol.ee\\\/wp-content\\\/uploads\\\/2024\\\/10\\\/Gebindebild-ADDINOL-Legends-Reihe.jpg.webp\",\"datePublished\":\"2024-12-23T09:37:04+00:00\",\"dateModified\":\"2025-05-06T11:54:25+00:00\",\"description\":\"\u041f\u043e\u0441\u043c\u043e\u0442\u0440\u0438\u0442\u0435 \u0441\u0442\u0440\u0430\u043d\u0438\u0446\u0443 Imprint Addinol, \u0447\u0442\u043e\u0431\u044b \u043d\u0430\u0439\u0442\u0438 \u043a\u043e\u043d\u0442\u0430\u043a\u0442\u043d\u044b\u0435 \u0434\u0430\u043d\u043d\u044b\u0435 \u043a\u043e\u043c\u043f\u0430\u043d\u0438\u0438 \u0438 \u044e\u0440\u0438\u0434\u0438\u0447\u0435\u0441\u043a\u0443\u044e \u0438\u043d\u0444\u043e\u0440\u043c\u0430\u0446\u0438\u044e.\",\"breadcrumb\":{\"@id\":\"https:\\\/\\\/addinol.ee\\\/ru\\\/impressum\\\/#breadcrumb\"},\"inLanguage\":\"ru-RU\",\"potentialAction\":[{\"@type\":\"ReadAction\",\"target\":[\"https:\\\/\\\/addinol.ee\\\/ru\\\/impressum\\\/\"]}]},{\"@type\":\"ImageObject\",\"inLanguage\":\"ru-RU\",\"@id\":\"https:\\\/\\\/addinol.ee\\\/ru\\\/impressum\\\/#primaryimage\",\"url\":\"https:\\\/\\\/addinol.ee\\\/wp-content\\\/uploads\\\/2024\\\/10\\\/Gebindebild-ADDINOL-Legends-Reihe.jpg.webp\",\"contentUrl\":\"https:\\\/\\\/addinol.ee\\\/wp-content\\\/uploads\\\/2024\\\/10\\\/Gebindebild-ADDINOL-Legends-Reihe.jpg.webp\",\"width\":700,\"height\":382},{\"@type\":\"BreadcrumbList\",\"@id\":\"https:\\\/\\\/addinol.ee\\\/ru\\\/impressum\\\/#breadcrumb\",\"itemListElement\":[{\"@type\":\"ListItem\",\"position\":1,\"name\":\"ADDINOL\",\"item\":\"https:\\\/\\\/addinol.ee\\\/ru\\\/\"},{\"@type\":\"ListItem\",\"position\":2,\"name\":\"Impressum\"}]},{\"@type\":\"WebSite\",\"@id\":\"https:\\\/\\\/addinol.ee\\\/ru\\\/#website\",\"url\":\"https:\\\/\\\/addinol.ee\\\/ru\\\/\",\"name\":\"ADDINOL\",\"description\":\"Mootori\u00f5lid ja m\u00e4\u00e4\u00e4rdeained igaks kasutusjuhuks\",\"publisher\":{\"@id\":\"https:\\\/\\\/addinol.ee\\\/ru\\\/#organization\"},\"potentialAction\":[{\"@type\":\"SearchAction\",\"target\":{\"@type\":\"EntryPoint\",\"urlTemplate\":\"https:\\\/\\\/addinol.ee\\\/ru\\\/?s={search_term_string}\"},\"query-input\":{\"@type\":\"PropertyValueSpecification\",\"valueRequired\":true,\"valueName\":\"search_term_string\"}}],\"inLanguage\":\"ru-RU\"},{\"@type\":\"Organization\",\"@id\":\"https:\\\/\\\/addinol.ee\\\/ru\\\/#organization\",\"name\":\"ADDINOL\",\"url\":\"https:\\\/\\\/addinol.ee\\\/ru\\\/\",\"logo\":{\"@type\":\"ImageObject\",\"inLanguage\":\"ru-RU\",\"@id\":\"https:\\\/\\\/addinol.ee\\\/ru\\\/#\\\/schema\\\/logo\\\/image\\\/\",\"url\":\"https:\\\/\\\/addinol.ee\\\/wp-content\\\/uploads\\\/2024\\\/10\\\/1200px-ADDINOL-Logo.webp\",\"contentUrl\":\"https:\\\/\\\/addinol.ee\\\/wp-content\\\/uploads\\\/2024\\\/10\\\/1200px-ADDINOL-Logo.webp\",\"width\":1200,\"height\":431,\"caption\":\"ADDINOL\"},\"image\":{\"@id\":\"https:\\\/\\\/addinol.ee\\\/ru\\\/#\\\/schema\\\/logo\\\/image\\\/\"},\"sameAs\":[\"https:\\\/\\\/www.facebook.com\\\/ADDINOLEesti\\\/\",\"https:\\\/\\\/www.instagram.com\\\/addinol_eesti\\\/\"]}]}<\/script>\n<!-- \/ Yoast SEO plugin. -->","yoast_head_json":{"title":"Impressum - ADDINOL","description":"\u041f\u043e\u0441\u043c\u043e\u0442\u0440\u0438\u0442\u0435 \u0441\u0442\u0440\u0430\u043d\u0438\u0446\u0443 Imprint Addinol, \u0447\u0442\u043e\u0431\u044b \u043d\u0430\u0439\u0442\u0438 \u043a\u043e\u043d\u0442\u0430\u043a\u0442\u043d\u044b\u0435 \u0434\u0430\u043d\u043d\u044b\u0435 \u043a\u043e\u043c\u043f\u0430\u043d\u0438\u0438 \u0438 \u044e\u0440\u0438\u0434\u0438\u0447\u0435\u0441\u043a\u0443\u044e \u0438\u043d\u0444\u043e\u0440\u043c\u0430\u0446\u0438\u044e.","robots":{"index":"index","follow":"follow","max-snippet":"max-snippet:-1","max-image-preview":"max-image-preview:large","max-video-preview":"max-video-preview:-1"},"canonical":"https:\/\/addinol.ee\/ru\/impressum\/","og_locale":"ru_RU","og_type":"article","og_title":"Impressum - ADDINOL","og_description":"\u041f\u043e\u0441\u043c\u043e\u0442\u0440\u0438\u0442\u0435 \u0441\u0442\u0440\u0430\u043d\u0438\u0446\u0443 Imprint Addinol, \u0447\u0442\u043e\u0431\u044b \u043d\u0430\u0439\u0442\u0438 \u043a\u043e\u043d\u0442\u0430\u043a\u0442\u043d\u044b\u0435 \u0434\u0430\u043d\u043d\u044b\u0435 \u043a\u043e\u043c\u043f\u0430\u043d\u0438\u0438 \u0438 \u044e\u0440\u0438\u0434\u0438\u0447\u0435\u0441\u043a\u0443\u044e \u0438\u043d\u0444\u043e\u0440\u043c\u0430\u0446\u0438\u044e.","og_url":"https:\/\/addinol.ee\/ru\/impressum\/","og_site_name":"ADDINOL","article_publisher":"https:\/\/www.facebook.com\/ADDINOLEesti\/","article_modified_time":"2025-05-06T11:54:25+00:00","og_image":[{"width":700,"height":382,"url":"https:\/\/addinol.ee\/wp-content\/uploads\/2024\/10\/Gebindebild-ADDINOL-Legends-Reihe.jpg.webp","type":"image\/webp"}],"twitter_card":"summary_large_image","twitter_misc":{"\u041f\u0440\u0438\u043c\u0435\u0440\u043d\u043e\u0435 \u0432\u0440\u0435\u043c\u044f \u0434\u043b\u044f \u0447\u0442\u0435\u043d\u0438\u044f":"1 \u043c\u0438\u043d\u0443\u0442\u0430"},"schema":{"@context":"https:\/\/schema.org","@graph":[{"@type":"WebPage","@id":"https:\/\/addinol.ee\/ru\/impressum\/","url":"https:\/\/addinol.ee\/ru\/impressum\/","name":"Impressum - ADDINOL","isPartOf":{"@id":"https:\/\/addinol.ee\/ru\/#website"},"primaryImageOfPage":{"@id":"https:\/\/addinol.ee\/ru\/impressum\/#primaryimage"},"image":{"@id":"https:\/\/addinol.ee\/ru\/impressum\/#primaryimage"},"thumbnailUrl":"https:\/\/addinol.ee\/wp-content\/uploads\/2024\/10\/Gebindebild-ADDINOL-Legends-Reihe.jpg.webp","datePublished":"2024-12-23T09:37:04+00:00","dateModified":"2025-05-06T11:54:25+00:00","description":"\u041f\u043e\u0441\u043c\u043e\u0442\u0440\u0438\u0442\u0435 \u0441\u0442\u0440\u0430\u043d\u0438\u0446\u0443 Imprint Addinol, \u0447\u0442\u043e\u0431\u044b \u043d\u0430\u0439\u0442\u0438 \u043a\u043e\u043d\u0442\u0430\u043a\u0442\u043d\u044b\u0435 \u0434\u0430\u043d\u043d\u044b\u0435 \u043a\u043e\u043c\u043f\u0430\u043d\u0438\u0438 \u0438 \u044e\u0440\u0438\u0434\u0438\u0447\u0435\u0441\u043a\u0443\u044e \u0438\u043d\u0444\u043e\u0440\u043c\u0430\u0446\u0438\u044e.","breadcrumb":{"@id":"https:\/\/addinol.ee\/ru\/impressum\/#breadcrumb"},"inLanguage":"ru-RU","potentialAction":[{"@type":"ReadAction","target":["https:\/\/addinol.ee\/ru\/impressum\/"]}]},{"@type":"ImageObject","inLanguage":"ru-RU","@id":"https:\/\/addinol.ee\/ru\/impressum\/#primaryimage","url":"https:\/\/addinol.ee\/wp-content\/uploads\/2024\/10\/Gebindebild-ADDINOL-Legends-Reihe.jpg.webp","contentUrl":"https:\/\/addinol.ee\/wp-content\/uploads\/2024\/10\/Gebindebild-ADDINOL-Legends-Reihe.jpg.webp","width":700,"height":382},{"@type":"BreadcrumbList","@id":"https:\/\/addinol.ee\/ru\/impressum\/#breadcrumb","itemListElement":[{"@type":"ListItem","position":1,"name":"ADDINOL","item":"https:\/\/addinol.ee\/ru\/"},{"@type":"ListItem","position":2,"name":"Impressum"}]},{"@type":"WebSite","@id":"https:\/\/addinol.ee\/ru\/#website","url":"https:\/\/addinol.ee\/ru\/","name":"ADDINOL","description":"Mootori\u00f5lid ja m\u00e4\u00e4\u00e4rdeained igaks kasutusjuhuks","publisher":{"@id":"https:\/\/addinol.ee\/ru\/#organization"},"potentialAction":[{"@type":"SearchAction","target":{"@type":"EntryPoint","urlTemplate":"https:\/\/addinol.ee\/ru\/?s={search_term_string}"},"query-input":{"@type":"PropertyValueSpecification","valueRequired":true,"valueName":"search_term_string"}}],"inLanguage":"ru-RU"},{"@type":"Organization","@id":"https:\/\/addinol.ee\/ru\/#organization","name":"ADDINOL","url":"https:\/\/addinol.ee\/ru\/","logo":{"@type":"ImageObject","inLanguage":"ru-RU","@id":"https:\/\/addinol.ee\/ru\/#\/schema\/logo\/image\/","url":"https:\/\/addinol.ee\/wp-content\/uploads\/2024\/10\/1200px-ADDINOL-Logo.webp","contentUrl":"https:\/\/addinol.ee\/wp-content\/uploads\/2024\/10\/1200px-ADDINOL-Logo.webp","width":1200,"height":431,"caption":"ADDINOL"},"image":{"@id":"https:\/\/addinol.ee\/ru\/#\/schema\/logo\/image\/"},"sameAs":["https:\/\/www.facebook.com\/ADDINOLEesti\/","https:\/\/www.instagram.com\/addinol_eesti\/"]}]}},"_links":{"self":[{"href":"https:\/\/addinol.ee\/ru\/wp-json\/wp\/v2\/pages\/7668","targetHints":{"allow":["GET"]}}],"collection":[{"href":"https:\/\/addinol.ee\/ru\/wp-json\/wp\/v2\/pages"}],"about":[{"href":"https:\/\/addinol.ee\/ru\/wp-json\/wp\/v2\/types\/page"}],"author":[{"embeddable":true,"href":"https:\/\/addinol.ee\/ru\/wp-json\/wp\/v2\/users\/1"}],"replies":[{"embeddable":true,"href":"https:\/\/addinol.ee\/ru\/wp-json\/wp\/v2\/comments?post=7668"}],"version-history":[{"count":4,"href":"https:\/\/addinol.ee\/ru\/wp-json\/wp\/v2\/pages\/7668\/revisions"}],"predecessor-version":[{"id":7830,"href":"https:\/\/addinol.ee\/ru\/wp-json\/wp\/v2\/pages\/7668\/revisions\/7830"}],"wp:featuredmedia":[{"embeddable":true,"href":"https:\/\/addinol.ee\/ru\/wp-json\/wp\/v2\/media\/2796"}],"wp:attachment":[{"href":"https:\/\/addinol.ee\/ru\/wp-json\/wp\/v2\/media?parent=7668"}],"curies":[{"name":"wp","href":"https:\/\/api.w.org\/{rel}","templated":true}]}}