{"id":7667,"date":"2024-12-13T07:54:41","date_gmt":"2024-12-13T05:54:41","guid":{"rendered":"https:\/\/addinol.ee\/kontakty\/gde-kupit\/"},"modified":"2026-03-02T10:01:48","modified_gmt":"2026-03-02T08:01:48","slug":"gde-kupit","status":"publish","type":"page","link":"https:\/\/addinol.ee\/ru\/kontakty\/gde-kupit\/","title":{"rendered":"\u0413\u0434\u0435 \u043a\u0443\u043f\u0438\u0442\u044c"},"content":{"rendered":"","protected":false},"excerpt":{"rendered":"","protected":false},"author":1,"featured_media":3262,"parent":7657,"menu_order":0,"comment_status":"closed","ping_status":"closed","template":"templates\/muugikohad.php","meta":{"_acf_changed":false,"footnotes":""},"class_list":["post-7667","page","type-page","status-publish","has-post-thumbnail","hentry"],"acf":[],"yoast_head":"<!-- This site is optimized with the Yoast SEO plugin v27.1.1 - https:\/\/yoast.com\/product\/yoast-seo-wordpress\/ -->\n<title>\u0422\u043e\u0440\u0433\u043e\u0432\u044b\u0435 \u0442\u043e\u0447\u043a\u0438 - \u0413\u0434\u0435 \u043a\u0443\u043f\u0438\u0442\u044c \u043d\u0430\u0448\u0435 \u043c\u043e\u0442\u043e\u0440\u043d\u043e\u0435 \u043c\u0430\u0441\u043b\u043e \u0438 \u0434\u0440\u0443\u0433\u0438\u0435 \u0441\u043c\u0430\u0437\u043e\u0447\u043d\u044b\u0435 \u043c\u0430\u0442\u0435\u0440\u0438\u0430\u043b\u044b?<\/title>\n<meta name=\"description\" content=\"\u041c\u043e\u0442\u043e\u0440\u043d\u044b\u0435 \u043c\u0430\u0441\u043b\u0430 \u0438 \u0434\u0440\u0443\u0433\u0438\u0435 \u0441\u043c\u0430\u0437\u043e\u0447\u043d\u044b\u0435 \u043c\u0430\u0442\u0435\u0440\u0438\u0430\u043b\u044b ADDINOL \u0434\u043e\u0441\u0442\u0443\u043f\u043d\u044b \u0432\u043e \u043c\u043d\u043e\u0433\u0438\u0445 \u0442\u043e\u0440\u0433\u043e\u0432\u044b\u0445 \u0442\u043e\u0447\u043a\u0430\u0445 \u043f\u043e \u0432\u0441\u0435\u0439 \u042d\u0441\u0442\u043e\u043d\u0438\u0438. \u041f\u043e\u0441\u043c\u043e\u0442\u0440\u0438\u0442\u0435, \u0433\u0434\u0435 \u0438\u043c\u0435\u043d\u043d\u043e!\" \/>\n<meta name=\"robots\" content=\"index, follow, max-snippet:-1, max-image-preview:large, max-video-preview:-1\" \/>\n<link rel=\"canonical\" href=\"https:\/\/addinol.ee\/ru\/kontakty\/gde-kupit\/\" \/>\n<meta property=\"og:locale\" content=\"ru_RU\" \/>\n<meta property=\"og:type\" content=\"article\" \/>\n<meta property=\"og:title\" content=\"\u0422\u043e\u0440\u0433\u043e\u0432\u044b\u0435 \u0442\u043e\u0447\u043a\u0438 - \u0413\u0434\u0435 \u043a\u0443\u043f\u0438\u0442\u044c \u043d\u0430\u0448\u0435 \u043c\u043e\u0442\u043e\u0440\u043d\u043e\u0435 \u043c\u0430\u0441\u043b\u043e \u0438 \u0434\u0440\u0443\u0433\u0438\u0435 \u0441\u043c\u0430\u0437\u043e\u0447\u043d\u044b\u0435 \u043c\u0430\u0442\u0435\u0440\u0438\u0430\u043b\u044b?\" \/>\n<meta property=\"og:description\" content=\"\u041c\u043e\u0442\u043e\u0440\u043d\u044b\u0435 \u043c\u0430\u0441\u043b\u0430 \u0438 \u0434\u0440\u0443\u0433\u0438\u0435 \u0441\u043c\u0430\u0437\u043e\u0447\u043d\u044b\u0435 \u043c\u0430\u0442\u0435\u0440\u0438\u0430\u043b\u044b ADDINOL \u0434\u043e\u0441\u0442\u0443\u043f\u043d\u044b \u0432\u043e \u043c\u043d\u043e\u0433\u0438\u0445 \u0442\u043e\u0440\u0433\u043e\u0432\u044b\u0445 \u0442\u043e\u0447\u043a\u0430\u0445 \u043f\u043e \u0432\u0441\u0435\u0439 \u042d\u0441\u0442\u043e\u043d\u0438\u0438. \u041f\u043e\u0441\u043c\u043e\u0442\u0440\u0438\u0442\u0435, \u0433\u0434\u0435 \u0438\u043c\u0435\u043d\u043d\u043e!\" \/>\n<meta property=\"og:url\" content=\"https:\/\/addinol.ee\/ru\/kontakty\/gde-kupit\/\" \/>\n<meta property=\"og:site_name\" content=\"ADDINOL\" \/>\n<meta property=\"article:publisher\" content=\"https:\/\/www.facebook.com\/ADDINOLEesti\/\" \/>\n<meta property=\"article:modified_time\" content=\"2026-03-02T08:01:48+00:00\" \/>\n<meta property=\"og:image\" content=\"https:\/\/addinol.ee\/wp-content\/uploads\/2024\/10\/screenshot.webp\" \/>\n\t<meta property=\"og:image:width\" content=\"1200\" \/>\n\t<meta property=\"og:image:height\" content=\"900\" \/>\n\t<meta property=\"og:image:type\" content=\"image\/webp\" \/>\n<meta name=\"twitter:card\" content=\"summary_large_image\" \/>\n<meta name=\"twitter:label1\" content=\"\u041f\u0440\u0438\u043c\u0435\u0440\u043d\u043e\u0435 \u0432\u0440\u0435\u043c\u044f \u0434\u043b\u044f \u0447\u0442\u0435\u043d\u0438\u044f\" \/>\n\t<meta name=\"twitter:data1\" content=\"3 \u043c\u0438\u043d\u0443\u0442\u044b\" \/>\n<script type=\"application\/ld+json\" class=\"yoast-schema-graph\">{\"@context\":\"https:\/\/schema.org\",\"@graph\":[{\"@type\":\"WebPage\",\"@id\":\"https:\/\/addinol.ee\/ru\/kontakty\/gde-kupit\/\",\"url\":\"https:\/\/addinol.ee\/ru\/kontakty\/gde-kupit\/\",\"name\":\"\u0422\u043e\u0440\u0433\u043e\u0432\u044b\u0435 \u0442\u043e\u0447\u043a\u0438 - \u0413\u0434\u0435 \u043a\u0443\u043f\u0438\u0442\u044c \u043d\u0430\u0448\u0435 \u043c\u043e\u0442\u043e\u0440\u043d\u043e\u0435 \u043c\u0430\u0441\u043b\u043e \u0438 \u0434\u0440\u0443\u0433\u0438\u0435 \u0441\u043c\u0430\u0437\u043e\u0447\u043d\u044b\u0435 \u043c\u0430\u0442\u0435\u0440\u0438\u0430\u043b\u044b?\",\"isPartOf\":{\"@id\":\"https:\/\/addinol.ee\/ru\/#website\"},\"primaryImageOfPage\":{\"@id\":\"https:\/\/addinol.ee\/ru\/kontakty\/gde-kupit\/#primaryimage\"},\"image\":{\"@id\":\"https:\/\/addinol.ee\/ru\/kontakty\/gde-kupit\/#primaryimage\"},\"thumbnailUrl\":\"https:\/\/addinol.ee\/wp-content\/uploads\/2024\/10\/screenshot.webp\",\"datePublished\":\"2024-12-13T05:54:41+00:00\",\"dateModified\":\"2026-03-02T08:01:48+00:00\",\"description\":\"\u041c\u043e\u0442\u043e\u0440\u043d\u044b\u0435 \u043c\u0430\u0441\u043b\u0430 \u0438 \u0434\u0440\u0443\u0433\u0438\u0435 \u0441\u043c\u0430\u0437\u043e\u0447\u043d\u044b\u0435 \u043c\u0430\u0442\u0435\u0440\u0438\u0430\u043b\u044b ADDINOL \u0434\u043e\u0441\u0442\u0443\u043f\u043d\u044b \u0432\u043e \u043c\u043d\u043e\u0433\u0438\u0445 \u0442\u043e\u0440\u0433\u043e\u0432\u044b\u0445 \u0442\u043e\u0447\u043a\u0430\u0445 \u043f\u043e \u0432\u0441\u0435\u0439 \u042d\u0441\u0442\u043e\u043d\u0438\u0438. \u041f\u043e\u0441\u043c\u043e\u0442\u0440\u0438\u0442\u0435, \u0433\u0434\u0435 \u0438\u043c\u0435\u043d\u043d\u043e!\",\"breadcrumb\":{\"@id\":\"https:\/\/addinol.ee\/ru\/kontakty\/gde-kupit\/#breadcrumb\"},\"inLanguage\":\"ru-RU\",\"potentialAction\":[{\"@type\":\"ReadAction\",\"target\":[\"https:\/\/addinol.ee\/ru\/kontakty\/gde-kupit\/\"]}]},{\"@type\":\"ImageObject\",\"inLanguage\":\"ru-RU\",\"@id\":\"https:\/\/addinol.ee\/ru\/kontakty\/gde-kupit\/#primaryimage\",\"url\":\"https:\/\/addinol.ee\/wp-content\/uploads\/2024\/10\/screenshot.webp\",\"contentUrl\":\"https:\/\/addinol.ee\/wp-content\/uploads\/2024\/10\/screenshot.webp\",\"width\":1200,\"height\":900,\"caption\":\"Addinol\"},{\"@type\":\"BreadcrumbList\",\"@id\":\"https:\/\/addinol.ee\/ru\/kontakty\/gde-kupit\/#breadcrumb\",\"itemListElement\":[{\"@type\":\"ListItem\",\"position\":1,\"name\":\"ADDINOL\",\"item\":\"https:\/\/addinol.ee\/ru\/\"},{\"@type\":\"ListItem\",\"position\":2,\"name\":\"\u041a\u043e\u043d\u0442\u0430\u043a\u0442\u044b\",\"item\":\"https:\/\/addinol.ee\/ru\/kontakty\/\"},{\"@type\":\"ListItem\",\"position\":3,\"name\":\"\u0413\u0434\u0435 \u043a\u0443\u043f\u0438\u0442\u044c\"}]},{\"@type\":\"WebSite\",\"@id\":\"https:\/\/addinol.ee\/ru\/#website\",\"url\":\"https:\/\/addinol.ee\/ru\/\",\"name\":\"ADDINOL\",\"description\":\"Mootori\u00f5lid ja m\u00e4\u00e4\u00e4rdeained igaks kasutusjuhuks\",\"publisher\":{\"@id\":\"https:\/\/addinol.ee\/ru\/#organization\"},\"potentialAction\":[{\"@type\":\"SearchAction\",\"target\":{\"@type\":\"EntryPoint\",\"urlTemplate\":\"https:\/\/addinol.ee\/ru\/?s={search_term_string}\"},\"query-input\":{\"@type\":\"PropertyValueSpecification\",\"valueRequired\":true,\"valueName\":\"search_term_string\"}}],\"inLanguage\":\"ru-RU\"},{\"@type\":\"Organization\",\"@id\":\"https:\/\/addinol.ee\/ru\/#organization\",\"name\":\"ADDINOL\",\"url\":\"https:\/\/addinol.ee\/ru\/\",\"logo\":{\"@type\":\"ImageObject\",\"inLanguage\":\"ru-RU\",\"@id\":\"https:\/\/addinol.ee\/ru\/#\/schema\/logo\/image\/\",\"url\":\"https:\/\/addinol.ee\/wp-content\/uploads\/2024\/10\/1200px-ADDINOL-Logo.webp\",\"contentUrl\":\"https:\/\/addinol.ee\/wp-content\/uploads\/2024\/10\/1200px-ADDINOL-Logo.webp\",\"width\":1200,\"height\":431,\"caption\":\"ADDINOL\"},\"image\":{\"@id\":\"https:\/\/addinol.ee\/ru\/#\/schema\/logo\/image\/\"},\"sameAs\":[\"https:\/\/www.facebook.com\/ADDINOLEesti\/\",\"https:\/\/www.instagram.com\/addinol_eesti\/\"]}]}<\/script>\n<!-- \/ Yoast SEO plugin. -->","yoast_head_json":{"title":"\u0422\u043e\u0440\u0433\u043e\u0432\u044b\u0435 \u0442\u043e\u0447\u043a\u0438 - \u0413\u0434\u0435 \u043a\u0443\u043f\u0438\u0442\u044c \u043d\u0430\u0448\u0435 \u043c\u043e\u0442\u043e\u0440\u043d\u043e\u0435 \u043c\u0430\u0441\u043b\u043e \u0438 \u0434\u0440\u0443\u0433\u0438\u0435 \u0441\u043c\u0430\u0437\u043e\u0447\u043d\u044b\u0435 \u043c\u0430\u0442\u0435\u0440\u0438\u0430\u043b\u044b?","description":"\u041c\u043e\u0442\u043e\u0440\u043d\u044b\u0435 \u043c\u0430\u0441\u043b\u0430 \u0438 \u0434\u0440\u0443\u0433\u0438\u0435 \u0441\u043c\u0430\u0437\u043e\u0447\u043d\u044b\u0435 \u043c\u0430\u0442\u0435\u0440\u0438\u0430\u043b\u044b ADDINOL \u0434\u043e\u0441\u0442\u0443\u043f\u043d\u044b \u0432\u043e \u043c\u043d\u043e\u0433\u0438\u0445 \u0442\u043e\u0440\u0433\u043e\u0432\u044b\u0445 \u0442\u043e\u0447\u043a\u0430\u0445 \u043f\u043e \u0432\u0441\u0435\u0439 \u042d\u0441\u0442\u043e\u043d\u0438\u0438. \u041f\u043e\u0441\u043c\u043e\u0442\u0440\u0438\u0442\u0435, \u0433\u0434\u0435 \u0438\u043c\u0435\u043d\u043d\u043e!","robots":{"index":"index","follow":"follow","max-snippet":"max-snippet:-1","max-image-preview":"max-image-preview:large","max-video-preview":"max-video-preview:-1"},"canonical":"https:\/\/addinol.ee\/ru\/kontakty\/gde-kupit\/","og_locale":"ru_RU","og_type":"article","og_title":"\u0422\u043e\u0440\u0433\u043e\u0432\u044b\u0435 \u0442\u043e\u0447\u043a\u0438 - \u0413\u0434\u0435 \u043a\u0443\u043f\u0438\u0442\u044c \u043d\u0430\u0448\u0435 \u043c\u043e\u0442\u043e\u0440\u043d\u043e\u0435 \u043c\u0430\u0441\u043b\u043e \u0438 \u0434\u0440\u0443\u0433\u0438\u0435 \u0441\u043c\u0430\u0437\u043e\u0447\u043d\u044b\u0435 \u043c\u0430\u0442\u0435\u0440\u0438\u0430\u043b\u044b?","og_description":"\u041c\u043e\u0442\u043e\u0440\u043d\u044b\u0435 \u043c\u0430\u0441\u043b\u0430 \u0438 \u0434\u0440\u0443\u0433\u0438\u0435 \u0441\u043c\u0430\u0437\u043e\u0447\u043d\u044b\u0435 \u043c\u0430\u0442\u0435\u0440\u0438\u0430\u043b\u044b ADDINOL \u0434\u043e\u0441\u0442\u0443\u043f\u043d\u044b \u0432\u043e \u043c\u043d\u043e\u0433\u0438\u0445 \u0442\u043e\u0440\u0433\u043e\u0432\u044b\u0445 \u0442\u043e\u0447\u043a\u0430\u0445 \u043f\u043e \u0432\u0441\u0435\u0439 \u042d\u0441\u0442\u043e\u043d\u0438\u0438. \u041f\u043e\u0441\u043c\u043e\u0442\u0440\u0438\u0442\u0435, \u0433\u0434\u0435 \u0438\u043c\u0435\u043d\u043d\u043e!","og_url":"https:\/\/addinol.ee\/ru\/kontakty\/gde-kupit\/","og_site_name":"ADDINOL","article_publisher":"https:\/\/www.facebook.com\/ADDINOLEesti\/","article_modified_time":"2026-03-02T08:01:48+00:00","og_image":[{"width":1200,"height":900,"url":"https:\/\/addinol.ee\/wp-content\/uploads\/2024\/10\/screenshot.webp","type":"image\/webp"}],"twitter_card":"summary_large_image","twitter_misc":{"\u041f\u0440\u0438\u043c\u0435\u0440\u043d\u043e\u0435 \u0432\u0440\u0435\u043c\u044f \u0434\u043b\u044f \u0447\u0442\u0435\u043d\u0438\u044f":"3 \u043c\u0438\u043d\u0443\u0442\u044b"},"schema":{"@context":"https:\/\/schema.org","@graph":[{"@type":"WebPage","@id":"https:\/\/addinol.ee\/ru\/kontakty\/gde-kupit\/","url":"https:\/\/addinol.ee\/ru\/kontakty\/gde-kupit\/","name":"\u0422\u043e\u0440\u0433\u043e\u0432\u044b\u0435 \u0442\u043e\u0447\u043a\u0438 - \u0413\u0434\u0435 \u043a\u0443\u043f\u0438\u0442\u044c \u043d\u0430\u0448\u0435 \u043c\u043e\u0442\u043e\u0440\u043d\u043e\u0435 \u043c\u0430\u0441\u043b\u043e \u0438 \u0434\u0440\u0443\u0433\u0438\u0435 \u0441\u043c\u0430\u0437\u043e\u0447\u043d\u044b\u0435 \u043c\u0430\u0442\u0435\u0440\u0438\u0430\u043b\u044b?","isPartOf":{"@id":"https:\/\/addinol.ee\/ru\/#website"},"primaryImageOfPage":{"@id":"https:\/\/addinol.ee\/ru\/kontakty\/gde-kupit\/#primaryimage"},"image":{"@id":"https:\/\/addinol.ee\/ru\/kontakty\/gde-kupit\/#primaryimage"},"thumbnailUrl":"https:\/\/addinol.ee\/wp-content\/uploads\/2024\/10\/screenshot.webp","datePublished":"2024-12-13T05:54:41+00:00","dateModified":"2026-03-02T08:01:48+00:00","description":"\u041c\u043e\u0442\u043e\u0440\u043d\u044b\u0435 \u043c\u0430\u0441\u043b\u0430 \u0438 \u0434\u0440\u0443\u0433\u0438\u0435 \u0441\u043c\u0430\u0437\u043e\u0447\u043d\u044b\u0435 \u043c\u0430\u0442\u0435\u0440\u0438\u0430\u043b\u044b ADDINOL \u0434\u043e\u0441\u0442\u0443\u043f\u043d\u044b \u0432\u043e \u043c\u043d\u043e\u0433\u0438\u0445 \u0442\u043e\u0440\u0433\u043e\u0432\u044b\u0445 \u0442\u043e\u0447\u043a\u0430\u0445 \u043f\u043e \u0432\u0441\u0435\u0439 \u042d\u0441\u0442\u043e\u043d\u0438\u0438. \u041f\u043e\u0441\u043c\u043e\u0442\u0440\u0438\u0442\u0435, \u0433\u0434\u0435 \u0438\u043c\u0435\u043d\u043d\u043e!","breadcrumb":{"@id":"https:\/\/addinol.ee\/ru\/kontakty\/gde-kupit\/#breadcrumb"},"inLanguage":"ru-RU","potentialAction":[{"@type":"ReadAction","target":["https:\/\/addinol.ee\/ru\/kontakty\/gde-kupit\/"]}]},{"@type":"ImageObject","inLanguage":"ru-RU","@id":"https:\/\/addinol.ee\/ru\/kontakty\/gde-kupit\/#primaryimage","url":"https:\/\/addinol.ee\/wp-content\/uploads\/2024\/10\/screenshot.webp","contentUrl":"https:\/\/addinol.ee\/wp-content\/uploads\/2024\/10\/screenshot.webp","width":1200,"height":900,"caption":"Addinol"},{"@type":"BreadcrumbList","@id":"https:\/\/addinol.ee\/ru\/kontakty\/gde-kupit\/#breadcrumb","itemListElement":[{"@type":"ListItem","position":1,"name":"ADDINOL","item":"https:\/\/addinol.ee\/ru\/"},{"@type":"ListItem","position":2,"name":"\u041a\u043e\u043d\u0442\u0430\u043a\u0442\u044b","item":"https:\/\/addinol.ee\/ru\/kontakty\/"},{"@type":"ListItem","position":3,"name":"\u0413\u0434\u0435 \u043a\u0443\u043f\u0438\u0442\u044c"}]},{"@type":"WebSite","@id":"https:\/\/addinol.ee\/ru\/#website","url":"https:\/\/addinol.ee\/ru\/","name":"ADDINOL","description":"Mootori\u00f5lid ja m\u00e4\u00e4\u00e4rdeained igaks kasutusjuhuks","publisher":{"@id":"https:\/\/addinol.ee\/ru\/#organization"},"potentialAction":[{"@type":"SearchAction","target":{"@type":"EntryPoint","urlTemplate":"https:\/\/addinol.ee\/ru\/?s={search_term_string}"},"query-input":{"@type":"PropertyValueSpecification","valueRequired":true,"valueName":"search_term_string"}}],"inLanguage":"ru-RU"},{"@type":"Organization","@id":"https:\/\/addinol.ee\/ru\/#organization","name":"ADDINOL","url":"https:\/\/addinol.ee\/ru\/","logo":{"@type":"ImageObject","inLanguage":"ru-RU","@id":"https:\/\/addinol.ee\/ru\/#\/schema\/logo\/image\/","url":"https:\/\/addinol.ee\/wp-content\/uploads\/2024\/10\/1200px-ADDINOL-Logo.webp","contentUrl":"https:\/\/addinol.ee\/wp-content\/uploads\/2024\/10\/1200px-ADDINOL-Logo.webp","width":1200,"height":431,"caption":"ADDINOL"},"image":{"@id":"https:\/\/addinol.ee\/ru\/#\/schema\/logo\/image\/"},"sameAs":["https:\/\/www.facebook.com\/ADDINOLEesti\/","https:\/\/www.instagram.com\/addinol_eesti\/"]}]}},"_links":{"self":[{"href":"https:\/\/addinol.ee\/ru\/wp-json\/wp\/v2\/pages\/7667","targetHints":{"allow":["GET"]}}],"collection":[{"href":"https:\/\/addinol.ee\/ru\/wp-json\/wp\/v2\/pages"}],"about":[{"href":"https:\/\/addinol.ee\/ru\/wp-json\/wp\/v2\/types\/page"}],"author":[{"embeddable":true,"href":"https:\/\/addinol.ee\/ru\/wp-json\/wp\/v2\/users\/1"}],"replies":[{"embeddable":true,"href":"https:\/\/addinol.ee\/ru\/wp-json\/wp\/v2\/comments?post=7667"}],"version-history":[{"count":8,"href":"https:\/\/addinol.ee\/ru\/wp-json\/wp\/v2\/pages\/7667\/revisions"}],"predecessor-version":[{"id":72742,"href":"https:\/\/addinol.ee\/ru\/wp-json\/wp\/v2\/pages\/7667\/revisions\/72742"}],"up":[{"embeddable":true,"href":"https:\/\/addinol.ee\/ru\/wp-json\/wp\/v2\/pages\/7657"}],"wp:featuredmedia":[{"embeddable":true,"href":"https:\/\/addinol.ee\/ru\/wp-json\/wp\/v2\/media\/3262"}],"wp:attachment":[{"href":"https:\/\/addinol.ee\/ru\/wp-json\/wp\/v2\/media?parent=7667"}],"curies":[{"name":"wp","href":"https:\/\/api.w.org\/{rel}","templated":true}]}}