{"id":7584,"date":"2024-12-20T13:47:13","date_gmt":"2024-12-20T11:47:13","guid":{"rendered":"https:\/\/addinol.ee\/o-kompanii\/sertifikacziya\/"},"modified":"2025-05-23T15:22:38","modified_gmt":"2025-05-23T12:22:38","slug":"sertifikacziya","status":"publish","type":"page","link":"https:\/\/addinol.ee\/ru\/o-nas\/sertifikacziya\/","title":{"rendered":"\u0421\u0435\u0440\u0442\u0438\u0444\u0438\u043a\u0430\u0446\u0438\u044f"},"content":{"rendered":"","protected":false},"excerpt":{"rendered":"","protected":false},"author":1,"featured_media":7364,"parent":7579,"menu_order":4,"comment_status":"closed","ping_status":"closed","template":"templates\/about-us.php","meta":{"_acf_changed":false,"footnotes":""},"class_list":["post-7584","page","type-page","status-publish","has-post-thumbnail","hentry"],"acf":[],"yoast_head":"<!-- This site is optimized with the Yoast SEO plugin v27.3 - https:\/\/yoast.com\/product\/yoast-seo-wordpress\/ -->\n<title>\u0421\u0435\u0440\u0442\u0438\u0444\u0438\u043a\u0430\u0446\u0438\u044f - ADDINOL<\/title>\n<meta name=\"description\" content=\"\u0423\u0437\u043d\u0430\u0439\u0442\u0435 \u043e \u0441\u0435\u0440\u0442\u0438\u0444\u0438\u043a\u0430\u0442\u0430\u0445 \u0438 \u200b\u200b\u0441\u0442\u0430\u043d\u0434\u0430\u0440\u0442\u0430\u0445 \u043a\u0430\u0447\u0435\u0441\u0442\u0432\u0430 Addinol, \u043a\u043e\u0442\u043e\u0440\u044b\u0435 \u0433\u0430\u0440\u0430\u043d\u0442\u0438\u0440\u0443\u044e\u0442 \u043d\u0430\u0434\u0435\u0436\u043d\u043e\u0441\u0442\u044c \u043c\u0430\u0441\u0435\u043b \u0438 \u0441\u043c\u0430\u0437\u043e\u0447\u043d\u044b\u0445 \u043c\u0430\u0442\u0435\u0440\u0438\u0430\u043b\u043e\u0432.\" \/>\n<meta name=\"robots\" content=\"index, follow, max-snippet:-1, max-image-preview:large, max-video-preview:-1\" \/>\n<link rel=\"canonical\" href=\"https:\/\/addinol.ee\/ru\/o-nas\/sertifikacziya\/\" \/>\n<meta property=\"og:locale\" content=\"ru_RU\" \/>\n<meta property=\"og:type\" content=\"article\" \/>\n<meta property=\"og:title\" content=\"\u0421\u0435\u0440\u0442\u0438\u0444\u0438\u043a\u0430\u0446\u0438\u044f - ADDINOL\" \/>\n<meta property=\"og:description\" content=\"\u0423\u0437\u043d\u0430\u0439\u0442\u0435 \u043e \u0441\u0435\u0440\u0442\u0438\u0444\u0438\u043a\u0430\u0442\u0430\u0445 \u0438 \u200b\u200b\u0441\u0442\u0430\u043d\u0434\u0430\u0440\u0442\u0430\u0445 \u043a\u0430\u0447\u0435\u0441\u0442\u0432\u0430 Addinol, \u043a\u043e\u0442\u043e\u0440\u044b\u0435 \u0433\u0430\u0440\u0430\u043d\u0442\u0438\u0440\u0443\u044e\u0442 \u043d\u0430\u0434\u0435\u0436\u043d\u043e\u0441\u0442\u044c \u043c\u0430\u0441\u0435\u043b \u0438 \u0441\u043c\u0430\u0437\u043e\u0447\u043d\u044b\u0445 \u043c\u0430\u0442\u0435\u0440\u0438\u0430\u043b\u043e\u0432.\" \/>\n<meta property=\"og:url\" content=\"https:\/\/addinol.ee\/ru\/o-nas\/sertifikacziya\/\" \/>\n<meta property=\"og:site_name\" content=\"ADDINOL\" \/>\n<meta property=\"article:publisher\" content=\"https:\/\/www.facebook.com\/ADDINOLEesti\/\" \/>\n<meta property=\"article:modified_time\" content=\"2025-05-23T12:22:38+00:00\" \/>\n<meta property=\"og:image\" content=\"https:\/\/addinol.ee\/wp-content\/uploads\/2025\/03\/sertifitseerimine.jpg\" \/>\n\t<meta property=\"og:image:width\" content=\"2400\" \/>\n\t<meta property=\"og:image:height\" content=\"800\" \/>\n\t<meta property=\"og:image:type\" content=\"image\/jpeg\" \/>\n<meta name=\"twitter:card\" content=\"summary_large_image\" \/>\n<script type=\"application\/ld+json\" class=\"yoast-schema-graph\">{\"@context\":\"https:\\\/\\\/schema.org\",\"@graph\":[{\"@type\":\"WebPage\",\"@id\":\"https:\\\/\\\/addinol.ee\\\/ru\\\/o-nas\\\/sertifikacziya\\\/\",\"url\":\"https:\\\/\\\/addinol.ee\\\/ru\\\/o-nas\\\/sertifikacziya\\\/\",\"name\":\"\u0421\u0435\u0440\u0442\u0438\u0444\u0438\u043a\u0430\u0446\u0438\u044f - ADDINOL\",\"isPartOf\":{\"@id\":\"https:\\\/\\\/addinol.ee\\\/ru\\\/#website\"},\"primaryImageOfPage\":{\"@id\":\"https:\\\/\\\/addinol.ee\\\/ru\\\/o-nas\\\/sertifikacziya\\\/#primaryimage\"},\"image\":{\"@id\":\"https:\\\/\\\/addinol.ee\\\/ru\\\/o-nas\\\/sertifikacziya\\\/#primaryimage\"},\"thumbnailUrl\":\"https:\\\/\\\/addinol.ee\\\/wp-content\\\/uploads\\\/2025\\\/03\\\/sertifitseerimine.jpg\",\"datePublished\":\"2024-12-20T11:47:13+00:00\",\"dateModified\":\"2025-05-23T12:22:38+00:00\",\"description\":\"\u0423\u0437\u043d\u0430\u0439\u0442\u0435 \u043e \u0441\u0435\u0440\u0442\u0438\u0444\u0438\u043a\u0430\u0442\u0430\u0445 \u0438 \u200b\u200b\u0441\u0442\u0430\u043d\u0434\u0430\u0440\u0442\u0430\u0445 \u043a\u0430\u0447\u0435\u0441\u0442\u0432\u0430 Addinol, \u043a\u043e\u0442\u043e\u0440\u044b\u0435 \u0433\u0430\u0440\u0430\u043d\u0442\u0438\u0440\u0443\u044e\u0442 \u043d\u0430\u0434\u0435\u0436\u043d\u043e\u0441\u0442\u044c \u043c\u0430\u0441\u0435\u043b \u0438 \u0441\u043c\u0430\u0437\u043e\u0447\u043d\u044b\u0445 \u043c\u0430\u0442\u0435\u0440\u0438\u0430\u043b\u043e\u0432.\",\"breadcrumb\":{\"@id\":\"https:\\\/\\\/addinol.ee\\\/ru\\\/o-nas\\\/sertifikacziya\\\/#breadcrumb\"},\"inLanguage\":\"ru-RU\",\"potentialAction\":[{\"@type\":\"ReadAction\",\"target\":[\"https:\\\/\\\/addinol.ee\\\/ru\\\/o-nas\\\/sertifikacziya\\\/\"]}]},{\"@type\":\"ImageObject\",\"inLanguage\":\"ru-RU\",\"@id\":\"https:\\\/\\\/addinol.ee\\\/ru\\\/o-nas\\\/sertifikacziya\\\/#primaryimage\",\"url\":\"https:\\\/\\\/addinol.ee\\\/wp-content\\\/uploads\\\/2025\\\/03\\\/sertifitseerimine.jpg\",\"contentUrl\":\"https:\\\/\\\/addinol.ee\\\/wp-content\\\/uploads\\\/2025\\\/03\\\/sertifitseerimine.jpg\",\"width\":2400,\"height\":800},{\"@type\":\"BreadcrumbList\",\"@id\":\"https:\\\/\\\/addinol.ee\\\/ru\\\/o-nas\\\/sertifikacziya\\\/#breadcrumb\",\"itemListElement\":[{\"@type\":\"ListItem\",\"position\":1,\"name\":\"ADDINOL\",\"item\":\"https:\\\/\\\/addinol.ee\\\/ru\\\/\"},{\"@type\":\"ListItem\",\"position\":2,\"name\":\"\u041e \u043d\u0430\u0441\",\"item\":\"https:\\\/\\\/addinol.ee\\\/ru\\\/o-nas\\\/\"},{\"@type\":\"ListItem\",\"position\":3,\"name\":\"\u0421\u0435\u0440\u0442\u0438\u0444\u0438\u043a\u0430\u0446\u0438\u044f\"}]},{\"@type\":\"WebSite\",\"@id\":\"https:\\\/\\\/addinol.ee\\\/ru\\\/#website\",\"url\":\"https:\\\/\\\/addinol.ee\\\/ru\\\/\",\"name\":\"ADDINOL\",\"description\":\"Mootori\u00f5lid ja m\u00e4\u00e4\u00e4rdeained igaks kasutusjuhuks\",\"publisher\":{\"@id\":\"https:\\\/\\\/addinol.ee\\\/ru\\\/#organization\"},\"potentialAction\":[{\"@type\":\"SearchAction\",\"target\":{\"@type\":\"EntryPoint\",\"urlTemplate\":\"https:\\\/\\\/addinol.ee\\\/ru\\\/?s={search_term_string}\"},\"query-input\":{\"@type\":\"PropertyValueSpecification\",\"valueRequired\":true,\"valueName\":\"search_term_string\"}}],\"inLanguage\":\"ru-RU\"},{\"@type\":\"Organization\",\"@id\":\"https:\\\/\\\/addinol.ee\\\/ru\\\/#organization\",\"name\":\"ADDINOL\",\"url\":\"https:\\\/\\\/addinol.ee\\\/ru\\\/\",\"logo\":{\"@type\":\"ImageObject\",\"inLanguage\":\"ru-RU\",\"@id\":\"https:\\\/\\\/addinol.ee\\\/ru\\\/#\\\/schema\\\/logo\\\/image\\\/\",\"url\":\"https:\\\/\\\/addinol.ee\\\/wp-content\\\/uploads\\\/2024\\\/10\\\/1200px-ADDINOL-Logo.webp\",\"contentUrl\":\"https:\\\/\\\/addinol.ee\\\/wp-content\\\/uploads\\\/2024\\\/10\\\/1200px-ADDINOL-Logo.webp\",\"width\":1200,\"height\":431,\"caption\":\"ADDINOL\"},\"image\":{\"@id\":\"https:\\\/\\\/addinol.ee\\\/ru\\\/#\\\/schema\\\/logo\\\/image\\\/\"},\"sameAs\":[\"https:\\\/\\\/www.facebook.com\\\/ADDINOLEesti\\\/\",\"https:\\\/\\\/www.instagram.com\\\/addinol_eesti\\\/\"]}]}<\/script>\n<!-- \/ Yoast SEO plugin. -->","yoast_head_json":{"title":"\u0421\u0435\u0440\u0442\u0438\u0444\u0438\u043a\u0430\u0446\u0438\u044f - ADDINOL","description":"\u0423\u0437\u043d\u0430\u0439\u0442\u0435 \u043e \u0441\u0435\u0440\u0442\u0438\u0444\u0438\u043a\u0430\u0442\u0430\u0445 \u0438 \u200b\u200b\u0441\u0442\u0430\u043d\u0434\u0430\u0440\u0442\u0430\u0445 \u043a\u0430\u0447\u0435\u0441\u0442\u0432\u0430 Addinol, \u043a\u043e\u0442\u043e\u0440\u044b\u0435 \u0433\u0430\u0440\u0430\u043d\u0442\u0438\u0440\u0443\u044e\u0442 \u043d\u0430\u0434\u0435\u0436\u043d\u043e\u0441\u0442\u044c \u043c\u0430\u0441\u0435\u043b \u0438 \u0441\u043c\u0430\u0437\u043e\u0447\u043d\u044b\u0445 \u043c\u0430\u0442\u0435\u0440\u0438\u0430\u043b\u043e\u0432.","robots":{"index":"index","follow":"follow","max-snippet":"max-snippet:-1","max-image-preview":"max-image-preview:large","max-video-preview":"max-video-preview:-1"},"canonical":"https:\/\/addinol.ee\/ru\/o-nas\/sertifikacziya\/","og_locale":"ru_RU","og_type":"article","og_title":"\u0421\u0435\u0440\u0442\u0438\u0444\u0438\u043a\u0430\u0446\u0438\u044f - ADDINOL","og_description":"\u0423\u0437\u043d\u0430\u0439\u0442\u0435 \u043e \u0441\u0435\u0440\u0442\u0438\u0444\u0438\u043a\u0430\u0442\u0430\u0445 \u0438 \u200b\u200b\u0441\u0442\u0430\u043d\u0434\u0430\u0440\u0442\u0430\u0445 \u043a\u0430\u0447\u0435\u0441\u0442\u0432\u0430 Addinol, \u043a\u043e\u0442\u043e\u0440\u044b\u0435 \u0433\u0430\u0440\u0430\u043d\u0442\u0438\u0440\u0443\u044e\u0442 \u043d\u0430\u0434\u0435\u0436\u043d\u043e\u0441\u0442\u044c \u043c\u0430\u0441\u0435\u043b \u0438 \u0441\u043c\u0430\u0437\u043e\u0447\u043d\u044b\u0445 \u043c\u0430\u0442\u0435\u0440\u0438\u0430\u043b\u043e\u0432.","og_url":"https:\/\/addinol.ee\/ru\/o-nas\/sertifikacziya\/","og_site_name":"ADDINOL","article_publisher":"https:\/\/www.facebook.com\/ADDINOLEesti\/","article_modified_time":"2025-05-23T12:22:38+00:00","og_image":[{"width":2400,"height":800,"url":"https:\/\/addinol.ee\/wp-content\/uploads\/2025\/03\/sertifitseerimine.jpg","type":"image\/jpeg"}],"twitter_card":"summary_large_image","schema":{"@context":"https:\/\/schema.org","@graph":[{"@type":"WebPage","@id":"https:\/\/addinol.ee\/ru\/o-nas\/sertifikacziya\/","url":"https:\/\/addinol.ee\/ru\/o-nas\/sertifikacziya\/","name":"\u0421\u0435\u0440\u0442\u0438\u0444\u0438\u043a\u0430\u0446\u0438\u044f - ADDINOL","isPartOf":{"@id":"https:\/\/addinol.ee\/ru\/#website"},"primaryImageOfPage":{"@id":"https:\/\/addinol.ee\/ru\/o-nas\/sertifikacziya\/#primaryimage"},"image":{"@id":"https:\/\/addinol.ee\/ru\/o-nas\/sertifikacziya\/#primaryimage"},"thumbnailUrl":"https:\/\/addinol.ee\/wp-content\/uploads\/2025\/03\/sertifitseerimine.jpg","datePublished":"2024-12-20T11:47:13+00:00","dateModified":"2025-05-23T12:22:38+00:00","description":"\u0423\u0437\u043d\u0430\u0439\u0442\u0435 \u043e \u0441\u0435\u0440\u0442\u0438\u0444\u0438\u043a\u0430\u0442\u0430\u0445 \u0438 \u200b\u200b\u0441\u0442\u0430\u043d\u0434\u0430\u0440\u0442\u0430\u0445 \u043a\u0430\u0447\u0435\u0441\u0442\u0432\u0430 Addinol, \u043a\u043e\u0442\u043e\u0440\u044b\u0435 \u0433\u0430\u0440\u0430\u043d\u0442\u0438\u0440\u0443\u044e\u0442 \u043d\u0430\u0434\u0435\u0436\u043d\u043e\u0441\u0442\u044c \u043c\u0430\u0441\u0435\u043b \u0438 \u0441\u043c\u0430\u0437\u043e\u0447\u043d\u044b\u0445 \u043c\u0430\u0442\u0435\u0440\u0438\u0430\u043b\u043e\u0432.","breadcrumb":{"@id":"https:\/\/addinol.ee\/ru\/o-nas\/sertifikacziya\/#breadcrumb"},"inLanguage":"ru-RU","potentialAction":[{"@type":"ReadAction","target":["https:\/\/addinol.ee\/ru\/o-nas\/sertifikacziya\/"]}]},{"@type":"ImageObject","inLanguage":"ru-RU","@id":"https:\/\/addinol.ee\/ru\/o-nas\/sertifikacziya\/#primaryimage","url":"https:\/\/addinol.ee\/wp-content\/uploads\/2025\/03\/sertifitseerimine.jpg","contentUrl":"https:\/\/addinol.ee\/wp-content\/uploads\/2025\/03\/sertifitseerimine.jpg","width":2400,"height":800},{"@type":"BreadcrumbList","@id":"https:\/\/addinol.ee\/ru\/o-nas\/sertifikacziya\/#breadcrumb","itemListElement":[{"@type":"ListItem","position":1,"name":"ADDINOL","item":"https:\/\/addinol.ee\/ru\/"},{"@type":"ListItem","position":2,"name":"\u041e \u043d\u0430\u0441","item":"https:\/\/addinol.ee\/ru\/o-nas\/"},{"@type":"ListItem","position":3,"name":"\u0421\u0435\u0440\u0442\u0438\u0444\u0438\u043a\u0430\u0446\u0438\u044f"}]},{"@type":"WebSite","@id":"https:\/\/addinol.ee\/ru\/#website","url":"https:\/\/addinol.ee\/ru\/","name":"ADDINOL","description":"Mootori\u00f5lid ja m\u00e4\u00e4\u00e4rdeained igaks kasutusjuhuks","publisher":{"@id":"https:\/\/addinol.ee\/ru\/#organization"},"potentialAction":[{"@type":"SearchAction","target":{"@type":"EntryPoint","urlTemplate":"https:\/\/addinol.ee\/ru\/?s={search_term_string}"},"query-input":{"@type":"PropertyValueSpecification","valueRequired":true,"valueName":"search_term_string"}}],"inLanguage":"ru-RU"},{"@type":"Organization","@id":"https:\/\/addinol.ee\/ru\/#organization","name":"ADDINOL","url":"https:\/\/addinol.ee\/ru\/","logo":{"@type":"ImageObject","inLanguage":"ru-RU","@id":"https:\/\/addinol.ee\/ru\/#\/schema\/logo\/image\/","url":"https:\/\/addinol.ee\/wp-content\/uploads\/2024\/10\/1200px-ADDINOL-Logo.webp","contentUrl":"https:\/\/addinol.ee\/wp-content\/uploads\/2024\/10\/1200px-ADDINOL-Logo.webp","width":1200,"height":431,"caption":"ADDINOL"},"image":{"@id":"https:\/\/addinol.ee\/ru\/#\/schema\/logo\/image\/"},"sameAs":["https:\/\/www.facebook.com\/ADDINOLEesti\/","https:\/\/www.instagram.com\/addinol_eesti\/"]}]}},"_links":{"self":[{"href":"https:\/\/addinol.ee\/ru\/wp-json\/wp\/v2\/pages\/7584","targetHints":{"allow":["GET"]}}],"collection":[{"href":"https:\/\/addinol.ee\/ru\/wp-json\/wp\/v2\/pages"}],"about":[{"href":"https:\/\/addinol.ee\/ru\/wp-json\/wp\/v2\/types\/page"}],"author":[{"embeddable":true,"href":"https:\/\/addinol.ee\/ru\/wp-json\/wp\/v2\/users\/1"}],"replies":[{"embeddable":true,"href":"https:\/\/addinol.ee\/ru\/wp-json\/wp\/v2\/comments?post=7584"}],"version-history":[{"count":1,"href":"https:\/\/addinol.ee\/ru\/wp-json\/wp\/v2\/pages\/7584\/revisions"}],"predecessor-version":[{"id":7650,"href":"https:\/\/addinol.ee\/ru\/wp-json\/wp\/v2\/pages\/7584\/revisions\/7650"}],"up":[{"embeddable":true,"href":"https:\/\/addinol.ee\/ru\/wp-json\/wp\/v2\/pages\/7579"}],"wp:featuredmedia":[{"embeddable":true,"href":"https:\/\/addinol.ee\/ru\/wp-json\/wp\/v2\/media\/7364"}],"wp:attachment":[{"href":"https:\/\/addinol.ee\/ru\/wp-json\/wp\/v2\/media?parent=7584"}],"curies":[{"name":"wp","href":"https:\/\/api.w.org\/{rel}","templated":true}]}}